{"id":1897,"date":"2021-12-08T10:34:25","date_gmt":"2021-12-08T10:34:25","guid":{"rendered":"https:\/\/www.oilpressing.org\/?page_id=1897"},"modified":"2026-04-16T15:26:51","modified_gmt":"2026-04-16T07:26:51","slug":"about-us","status":"publish","type":"page","link":"https:\/\/www.oilpressing.org\/vi\/about-us","title":{"rendered":"V\u1ec1 ch\u00fang t\u00f4i"},"content":{"rendered":"<p>Ch\u00e0o m\u1eebng \u0111\u1ebfn v\u1edbi Taizy Home, nh\u00e0 s\u1ea3n xu\u1ea5t chuy\u00ean nghi\u1ec7p v\u1ec1 m\u00e1y m\u00f3c \u00e9p d\u1ea7u v\u00e0 thi\u1ebft b\u1ecb ch\u1ebf bi\u1ebfn n\u00f4ng nghi\u1ec7p c\u00f3 tr\u1ee5 s\u1edf t\u1ea1i Trung Qu\u1ed1c. K\u1ec3 t\u1eeb khi th\u00e0nh l\u1eadp, ch\u00fang t\u00f4i \u0111\u00e3 cam k\u1ebft cung c\u1ea5p thi\u1ebft b\u1ecb \u00e9p d\u1ea7u ch\u1ea5t l\u01b0\u1ee3ng cao v\u00e0 d\u1ecbch v\u1ee5 xu\u1ea5t s\u1eafc cho kh\u00e1ch h\u00e0ng qu\u00fd gi\u00e1 tr\u00ean to\u00e0n th\u1ebf gi\u1edbi. V\u1edbi chuy\u00ean m\u00f4n, \u0111\u1ed5i m\u1edbi v\u00e0 cam k\u1ebft h\u00e0i l\u00f2ng kh\u00e1ch h\u00e0ng, ch\u00fang t\u00f4i \u0111\u00e3 \u0111\u01b0\u1ee3c c\u00f4ng nh\u1eadn l\u00e0 nh\u00e0 cung c\u1ea5p \u0111\u00e1ng tin c\u1eady trong ng\u00e0nh c\u00f4ng nghi\u1ec7p m\u00e1y m\u00f3c n\u00f4ng nghi\u1ec7p.<\/p>    <figure class=\"wp-block-image size-full is-resized\"><img loading=\"lazy\" decoding=\"async\" width=\"400\" height=\"167\" src=\"https:\/\/www.oilpressing.org\/wp-content\/uploads\/2021\/12\/admin-ajax.jpg\" alt=\"\" class=\"wp-image-1900\" style=\"width:397px;height:166px\" title=\"\" srcset=\"https:\/\/www.oilpressing.org\/wp-content\/uploads\/2021\/12\/admin-ajax.jpg 400w, https:\/\/www.oilpressing.org\/wp-content\/uploads\/2021\/12\/admin-ajax-300x125.jpg 300w\" sizes=\"auto, (max-width: 400px) 100vw, 400px\" \/><\/figure>    <h2 class=\"wp-block-heading\"><strong>S\u1ea3n ph\u1ea9m v\u00e0 th\u1ecb tr\u01b0\u1eddng ch\u00ednh c\u1ee7a ch\u00fang t\u00f4i<\/strong><\/h2>    <p>C\u00e1c s\u1ea3n ph\u1ea9m ch\u00ednh c\u1ee7a ch\u00fang t\u00f4i bao g\u1ed3m rang h\u1ea1t gi\u1ed1ng, m\u00e1y \u00e9p d\u1ea7u, b\u1ed9 l\u1ecdc d\u1ea7u, thi\u1ebft b\u1ecb d\u1ea7u tinh luy\u1ec7n, d\u00e2y chuy\u1ec1n s\u1ea3n xu\u1ea5t d\u1ea7u, v.v. Trong nh\u1eefng n\u0103m g\u1ea7n \u0111\u00e2y, c\u00e1c s\u1ea3n ph\u1ea9m c\u1ee7a ch\u00fang t\u00f4i \u0111\u00e3 r\u1ea5t ph\u1ed5 bi\u1ebfn t\u1ea1i c\u00e1c th\u1ecb tr\u01b0\u1eddng ch\u00e2u Phi v\u00e0 \u0110\u00f4ng Nam \u00c1, nh\u01b0 Nigeria, Kenya, Nam Phi, Ghana, Congo, Ethiopia, Namibia, Morocco, Botswana, Zimbabwe, Uganda, Algeria, Cameroon.<\/p>    <figure class=\"wp-block-gallery has-nested-images columns-default is-cropped wp-block-gallery-2 is-layout-flex wp-block-gallery-is-layout-flex\"> <figure class=\"wp-block-image size-large\"><img loading=\"lazy\" decoding=\"async\" width=\"720\" height=\"540\" data-id=\"2770\" src=\"https:\/\/www.oilpressing.org\/wp-content\/uploads\/2022\/06\/pepper-oil-making-machine.jpg\" alt=\"m\u00e1y l\u00e0m d\u1ea7u\" class=\"wp-image-2770\" title=\"\"><figcaption class=\"wp-element-caption\">M\u00e1y l\u00e0m d\u1ea7u<\/figcaption><\/figure>    <figure class=\"wp-block-image size-large\"><img loading=\"lazy\" decoding=\"async\" width=\"720\" height=\"540\" data-id=\"2750\" src=\"https:\/\/www.oilpressing.org\/wp-content\/uploads\/2022\/06\/screw-castor-oil-press-machine.jpg\" alt=\"m\u00e1y \u00e9p d\u1ea7u th\u1ea7u d\u1ea7u tr\u1ee5c v\u00edt\" class=\"wp-image-2750\" title=\"\"><figcaption class=\"wp-element-caption\">M\u00e1y \u00e9p d\u1ea7u tr\u1ee5c v\u00edt<\/figcaption><\/figure>    <figure class=\"wp-block-image size-large\"><img loading=\"lazy\" decoding=\"async\" width=\"720\" height=\"540\" data-id=\"2749\" src=\"https:\/\/www.oilpressing.org\/wp-content\/uploads\/2022\/06\/hydraulic-castor-oil-machines.jpg\" alt=\"m\u00e1y oliu th\u1ee7y l\u1ef1c\" class=\"wp-image-2749\" title=\"\"><figcaption class=\"wp-element-caption\">M\u00e1y \u00e9p d\u1ea7u \u1edbt th\u1ee7y l\u1ef1c<\/figcaption><\/figure> <\/figure>    <h2 class=\"wp-block-heading\"><strong>Xu\u1ea5t s\u1eafc v\u1ec1 C\u00f4ng ngh\u1ec7<\/strong><\/h2>    <p>T\u1ea1i Taizy Home, ch\u00fang t\u00f4i t\u1ef1 h\u00e0o v\u1ec1 s\u1ef1 xu\u1ea5t s\u1eafc c\u00f4ng ngh\u1ec7 c\u1ee7a m\u00ecnh. \u0110\u1ed9i ng\u0169 k\u1ef9 s\u01b0 v\u00e0 k\u1ef9 thu\u1eadt vi\u00ean l\u00e0nh ngh\u1ec1 c\u1ee7a ch\u00fang t\u00f4i lu\u00f4n c\u1eadp nh\u1eadt c\u00e1c ti\u1ebfn b\u1ed9 trong ng\u00e0nh \u0111\u1ec3 \u0111\u1ea3m b\u1ea3o m\u00e1y \u00e9p d\u1ea7u c\u1ee7a ch\u00fang t\u00f4i \u0111\u01b0\u1ee3c x\u00e2y d\u1ef1ng v\u1edbi c\u00f4ng ngh\u1ec7 ti\u00ean ti\u1ebfn nh\u1ea5t. Ch\u00fang t\u00f4i li\u00ean t\u1ee5c \u0111\u1ea7u t\u01b0 v\u00e0o nghi\u00ean c\u1ee9u v\u00e0 ph\u00e1t tri\u1ec3n, cho ph\u00e9p cung c\u1ea5p c\u00e1c gi\u1ea3i ph\u00e1p hi\u1ec7n \u0111\u1ea1i \u0111\u00e1p \u1ee9ng nhu c\u1ea7u ng\u00e0y c\u00e0ng ph\u00e1t tri\u1ec3n c\u1ee7a th\u1ecb tr\u01b0\u1eddng s\u1ea3n xu\u1ea5t d\u1ea7u. B\u1eb1ng c\u00e1ch \u0111\u00f3n nh\u1eadn \u0111\u1ed5i m\u1edbi, ch\u00fang t\u00f4i li\u00ean t\u1ee5c cung c\u1ea5p m\u00e1y m\u00f3c hi\u1ec7u su\u1ea5t cao t\u1ed1i \u0111a h\u00f3a n\u0103ng su\u1ea5t d\u1ea7u, hi\u1ec7u qu\u1ea3 v\u00e0 n\u0103ng su\u1ea5t.<\/p>    <figure class=\"wp-block-gallery has-nested-images columns-default is-cropped wp-block-gallery-3 is-layout-flex wp-block-gallery-is-layout-flex\"> <figure class=\"wp-block-image size-large\"><img loading=\"lazy\" decoding=\"async\" width=\"720\" height=\"540\" data-id=\"7086\" src=\"https:\/\/www.oilpressing.org\/wp-content\/uploads\/2026\/01\/Filter-screen.webp\" alt=\"L\u01b0\u1edbi L\u1ecdc\" class=\"wp-image-7086\" title=\"\" srcset=\"https:\/\/www.oilpressing.org\/wp-content\/uploads\/2026\/01\/Filter-screen.webp 720w, https:\/\/www.oilpressing.org\/wp-content\/uploads\/2026\/01\/Filter-screen-300x225.webp 300w, https:\/\/www.oilpressing.org\/wp-content\/uploads\/2026\/01\/Filter-screen-16x12.webp 16w\" sizes=\"auto, (max-width: 720px) 100vw, 720px\" \/><figcaption class=\"wp-element-caption\">L\u01b0\u1edbi L\u1ecdc<\/figcaption><\/figure>    <figure class=\"wp-block-image size-large\"><img loading=\"lazy\" decoding=\"async\" width=\"720\" height=\"540\" data-id=\"6817\" src=\"https:\/\/www.oilpressing.org\/wp-content\/uploads\/2025\/07\/Strips-of-inconsistent-width.webp\" alt=\"D\u1ea3i c\u00f3 \u0111\u1ed9 r\u1ed9ng kh\u00f4ng \u0111\u1ed3ng nh\u1ea5t\" class=\"wp-image-6817\" title=\"\" srcset=\"https:\/\/www.oilpressing.org\/wp-content\/uploads\/2025\/07\/Strips-of-inconsistent-width.webp 720w, https:\/\/www.oilpressing.org\/wp-content\/uploads\/2025\/07\/Strips-of-inconsistent-width-300x225.webp 300w, https:\/\/www.oilpressing.org\/wp-content\/uploads\/2025\/07\/Strips-of-inconsistent-width-16x12.webp 16w\" sizes=\"auto, (max-width: 720px) 100vw, 720px\" \/><figcaption class=\"wp-element-caption\">D\u1ea3i c\u00f3 \u0111\u1ed9 r\u1ed9ng kh\u00f4ng \u0111\u1ed3ng nh\u1ea5t<\/figcaption><\/figure>    <figure class=\"wp-block-image size-large\"><img loading=\"lazy\" decoding=\"async\" width=\"720\" height=\"540\" data-id=\"6776\" src=\"https:\/\/www.oilpressing.org\/wp-content\/uploads\/2018\/11\/control-cabinets.webp\" alt=\"t\u1ee7 \u0111i\u1ec1u khi\u1ec3n\" class=\"wp-image-6776\" title=\"\" srcset=\"https:\/\/www.oilpressing.org\/wp-content\/uploads\/2018\/11\/control-cabinets.webp 720w, https:\/\/www.oilpressing.org\/wp-content\/uploads\/2018\/11\/control-cabinets-300x225.webp 300w, https:\/\/www.oilpressing.org\/wp-content\/uploads\/2018\/11\/control-cabinets-16x12.webp 16w\" sizes=\"auto, (max-width: 720px) 100vw, 720px\" \/><figcaption class=\"wp-element-caption\">T\u1ee7 \u0110i\u1ec1u Khi\u1ec3n<\/figcaption><\/figure> <\/figure>    <h2 class=\"wp-block-heading\"><strong>Hi\u1ec7n di\u1ec7n To\u00e0n c\u1ea7u<\/strong><\/h2>    <p>Trong nhi\u1ec1u n\u0103m, c\u00e1c m\u00e1y \u00e9p d\u1ea7u v\u00e0 thi\u1ebft b\u1ecb ch\u1ebf bi\u1ebfn li\u00ean quan c\u1ee7a ch\u00fang t\u00f4i \u0111\u00e3 tr\u1edf n\u00ean ph\u1ed5 bi\u1ebfn tr\u00ean to\u00e0n th\u1ebf gi\u1edbi. Ch\u00fang t\u00f4i \u0111\u00e3 xu\u1ea5t kh\u1ea9u th\u00e0nh c\u00f4ng s\u1ea3n ph\u1ea9m c\u1ee7a m\u00ecnh \u0111\u1ebfn h\u01a1n 20 qu\u1ed1c gia v\u00e0 khu v\u1ef1c, gi\u00e0nh \u0111\u01b0\u1ee3c l\u00f2ng tin v\u00e0 s\u1ef1 trung th\u00e0nh c\u1ee7a kh\u00e1ch h\u00e0ng to\u00e0n c\u1ea7u. Cam k\u1ebft c\u1ee7a ch\u00fang t\u00f4i v\u1ec1 ch\u1ea5t l\u01b0\u1ee3ng v\u01b0\u1ee3t tr\u1ed9i v\u00e0 \u0111\u1ed9 tin c\u1eady \u0111\u00e3 gi\u00fap ch\u00fang t\u00f4i x\u00e2y d\u1ef1ng c\u00e1c m\u1ed1i quan h\u1ec7 h\u1ee3p t\u00e1c l\u00e2u d\u00e0i v\u1edbi kh\u00e1ch h\u00e0ng, nh\u1eefng ng\u01b0\u1eddi d\u1ef1a v\u00e0o ch\u00fang t\u00f4i cho c\u00e1c nhu c\u1ea7u m\u00e1y m\u00f3c s\u1ea3n xu\u1ea5t d\u1ea7u c\u1ee7a h\u1ecd. D\u00f9 b\u1ea1n \u1edf \u0111\u00e2u, ch\u00fang t\u00f4i cam k\u1ebft ph\u1ee5c v\u1ee5 b\u1ea1n v\u1edbi s\u1ef1 xu\u1ea5t s\u1eafc v\u00e0 chuy\u00ean nghi\u1ec7p.<\/p>    <figure class=\"wp-block-gallery has-nested-images columns-default is-cropped wp-block-gallery-4 is-layout-flex wp-block-gallery-is-layout-flex\"> <figure class=\"wp-block-image size-large\"><img loading=\"lazy\" decoding=\"async\" width=\"720\" height=\"540\" data-id=\"6997\" src=\"https:\/\/www.oilpressing.org\/wp-content\/uploads\/2025\/09\/Hydraulic-Oil-Press-Packing.webp\" alt=\"\u0110\u00f3ng g\u00f3i m\u00e1y \u00e9p d\u1ea7u th\u1ee7y l\u1ef1c\" class=\"wp-image-6997\" title=\"\" srcset=\"https:\/\/www.oilpressing.org\/wp-content\/uploads\/2025\/09\/Hydraulic-Oil-Press-Packing.webp 720w, https:\/\/www.oilpressing.org\/wp-content\/uploads\/2025\/09\/Hydraulic-Oil-Press-Packing-300x225.webp 300w, https:\/\/www.oilpressing.org\/wp-content\/uploads\/2025\/09\/Hydraulic-Oil-Press-Packing-16x12.webp 16w\" sizes=\"auto, (max-width: 720px) 100vw, 720px\" \/><figcaption class=\"wp-element-caption\">\u0110\u00f3ng g\u00f3i m\u00e1y \u00e9p d\u1ea7u th\u1ee7y l\u1ef1c<\/figcaption><\/figure>    <figure class=\"wp-block-image size-large\"><img loading=\"lazy\" decoding=\"async\" width=\"720\" height=\"540\" data-id=\"6973\" src=\"https:\/\/www.oilpressing.org\/wp-content\/uploads\/2025\/09\/Successful-departure.webp\" alt=\"Kh\u1edfi h\u00e0nh th\u00e0nh c\u00f4ng\" class=\"wp-image-6973\" title=\"\" srcset=\"https:\/\/www.oilpressing.org\/wp-content\/uploads\/2025\/09\/Successful-departure.webp 720w, https:\/\/www.oilpressing.org\/wp-content\/uploads\/2025\/09\/Successful-departure-300x225.webp 300w, https:\/\/www.oilpressing.org\/wp-content\/uploads\/2025\/09\/Successful-departure-16x12.webp 16w\" sizes=\"auto, (max-width: 720px) 100vw, 720px\" \/><figcaption class=\"wp-element-caption\">Kh\u1edfi h\u00e0nh Th\u00e0nh C\u00f4ng<\/figcaption><\/figure>    <figure class=\"wp-block-image size-large\"><img loading=\"lazy\" decoding=\"async\" width=\"720\" height=\"540\" data-id=\"6995\" src=\"https:\/\/www.oilpressing.org\/wp-content\/uploads\/2025\/09\/Hydraulic-Oil-Press-Loading-into-Container.webp\" alt=\"N\u1ea1p d\u1ea7u th\u1ee7y l\u1ef1c v\u00e0o container\" class=\"wp-image-6995\" title=\"\" srcset=\"https:\/\/www.oilpressing.org\/wp-content\/uploads\/2025\/09\/Hydraulic-Oil-Press-Loading-into-Container.webp 720w, https:\/\/www.oilpressing.org\/wp-content\/uploads\/2025\/09\/Hydraulic-Oil-Press-Loading-into-Container-300x225.webp 300w, https:\/\/www.oilpressing.org\/wp-content\/uploads\/2025\/09\/Hydraulic-Oil-Press-Loading-into-Container-16x12.webp 16w\" sizes=\"auto, (max-width: 720px) 100vw, 720px\" \/><figcaption class=\"wp-element-caption\">Hydraulic Oil Press Loading Into Container<\/figcaption><\/figure> <\/figure>    <h2 class=\"wp-block-heading\"><strong>D\u1ecbch v\u1ee5 T\u00f9y ch\u1ec9nh<\/strong><\/h2>    <p>Ch\u00fang t\u00f4i hi\u1ec3u r\u1eb1ng m\u1ed7i kh\u00e1ch h\u00e0ng c\u00f3 y\u00eau c\u1ea7u ri\u00eang bi\u1ec7t. \u0110\u00f3 l\u00e0 l\u00fd do t\u1ea1i sao ch\u00fang t\u00f4i cung c\u1ea5p d\u1ecbch v\u1ee5 t\u00f9y ch\u1ec9nh to\u00e0n di\u1ec7n \u0111\u1ec3 \u0111i\u1ec1u ch\u1ec9nh m\u00e1y \u00e9p d\u1ea7u c\u1ee7a ch\u00fang t\u00f4i ph\u00f9 h\u1ee3p v\u1edbi nhu c\u1ea7u c\u1ee5 th\u1ec3 c\u1ee7a b\u1ea1n. \u0110\u1ed9i ng\u0169 gi\u00e0u kinh nghi\u1ec7m c\u1ee7a ch\u00fang t\u00f4i l\u00e0m vi\u1ec7c ch\u1eb7t ch\u1ebd v\u1edbi b\u1ea1n \u0111\u1ec3 hi\u1ec3u v\u1ec1 n\u0103ng l\u1ef1c s\u1ea3n xu\u1ea5t, lo\u1ea1i nguy\u00ean li\u1ec7u th\u00f4, h\u1ea1n ch\u1ebf kh\u00f4ng gian v\u00e0 ng\u00e2n s\u00e1ch. V\u1edbi th\u00f4ng tin n\u00e0y, ch\u00fang t\u00f4i thi\u1ebft k\u1ebf v\u00e0 ch\u1ebf t\u1ea1o m\u00e1y ph\u00f9 h\u1ee3p ch\u00ednh x\u00e1c v\u1edbi y\u00eau c\u1ea7u c\u1ee7a b\u1ea1n. D\u00f9 b\u1ea1n c\u1ea7n s\u1eeda \u0111\u1ed5i m\u1ed9t m\u1eabu hi\u1ec7n c\u00f3 hay m\u1ed9t gi\u1ea3i ph\u00e1p s\u1ea3n xu\u1ea5t d\u1ea7u t\u00edch h\u1ee3p ho\u00e0n to\u00e0n m\u1edbi, ch\u00fang t\u00f4i \u0111\u1ec1u s\u1eb5n s\u00e0ng bi\u1ebfn t\u1ea7m nh\u00ecn c\u1ee7a b\u1ea1n th\u00e0nh hi\u1ec7n th\u1ef1c.<\/p>    <figure class=\"wp-block-gallery has-nested-images columns-default is-cropped wp-block-gallery-5 is-layout-flex wp-block-gallery-is-layout-flex\"> <figure class=\"wp-block-image size-large\"><img loading=\"lazy\" decoding=\"async\" width=\"720\" height=\"540\" data-id=\"7115\" src=\"https:\/\/www.oilpressing.org\/wp-content\/uploads\/2026\/03\/oil-filling-equipment.webp\" alt=\"oil filling equipment\" class=\"wp-image-7115\" title=\"\" srcset=\"https:\/\/www.oilpressing.org\/wp-content\/uploads\/2026\/03\/oil-filling-equipment.webp 720w, https:\/\/www.oilpressing.org\/wp-content\/uploads\/2026\/03\/oil-filling-equipment-300x225.webp 300w, https:\/\/www.oilpressing.org\/wp-content\/uploads\/2026\/03\/oil-filling-equipment-16x12.webp 16w\" sizes=\"auto, (max-width: 720px) 100vw, 720px\" \/><figcaption class=\"wp-element-caption\">Thi\u1ebft b\u1ecb \u0110\u1ed5 \u0111\u1ea7y D\u1ea7u<\/figcaption><\/figure>    <figure class=\"wp-block-image size-large\"><img loading=\"lazy\" decoding=\"async\" width=\"720\" height=\"540\" data-id=\"6898\" src=\"https:\/\/www.oilpressing.org\/wp-content\/uploads\/2025\/07\/Peanut-Roasters-Inventory-1.webp\" alt=\"T\u1ed3n kho m\u00e1y rang h\u1ea1t h\u01b0\u1edbng d\u01b0\u01a1ng\" class=\"wp-image-6898\" title=\"\" srcset=\"https:\/\/www.oilpressing.org\/wp-content\/uploads\/2025\/07\/Peanut-Roasters-Inventory-1.webp 720w, https:\/\/www.oilpressing.org\/wp-content\/uploads\/2025\/07\/Peanut-Roasters-Inventory-1-300x225.webp 300w, https:\/\/www.oilpressing.org\/wp-content\/uploads\/2025\/07\/Peanut-Roasters-Inventory-1-16x12.webp 16w\" sizes=\"auto, (max-width: 720px) 100vw, 720px\" \/><figcaption class=\"wp-element-caption\">T\u1ed3n kho m\u00e1y rang h\u1ea1t h\u01b0\u1edbng d\u01b0\u01a1ng<\/figcaption><\/figure>    <figure class=\"wp-block-image size-large\"><img loading=\"lazy\" decoding=\"async\" width=\"720\" height=\"540\" data-id=\"6893\" src=\"https:\/\/www.oilpressing.org\/wp-content\/uploads\/2025\/07\/Three-cylinder-sesame-seed-roaster.webp\" alt=\"M\u00e1y rang h\u1ea1t h\u01b0\u1edbng d\u01b0\u01a1ng ba xi-lanh\" class=\"wp-image-6893\" title=\"\" srcset=\"https:\/\/www.oilpressing.org\/wp-content\/uploads\/2025\/07\/Three-cylinder-sesame-seed-roaster.webp 720w, https:\/\/www.oilpressing.org\/wp-content\/uploads\/2025\/07\/Three-cylinder-sesame-seed-roaster-300x225.webp 300w, https:\/\/www.oilpressing.org\/wp-content\/uploads\/2025\/07\/Three-cylinder-sesame-seed-roaster-16x12.webp 16w\" sizes=\"auto, (max-width: 720px) 100vw, 720px\" \/><figcaption class=\"wp-element-caption\">M\u00e1y rang h\u1ea1t h\u01b0\u1edbng d\u01b0\u01a1ng ba xi-lanh<\/figcaption><\/figure> <\/figure>    <h2 class=\"wp-block-heading\"><strong>\u0110\u1ea3m b\u1ea3o Ch\u1ea5t l\u01b0\u1ee3ng<\/strong><\/h2>    <p>Ch\u1ea5t l\u01b0\u1ee3ng l\u00e0 \u01b0u ti\u00ean h\u00e0ng \u0111\u1ea7u t\u1ea1i Taizy Home. Ch\u00fang t\u00f4i tu\u00e2n th\u1ee7 c\u00e1c bi\u1ec7n ph\u00e1p ki\u1ec3m so\u00e1t ch\u1ea5t l\u01b0\u1ee3ng nghi\u00eam ng\u1eb7t trong su\u1ed1t qu\u00e1 tr\u00ecnh s\u1ea3n xu\u1ea5t, \u0111\u1ea3m b\u1ea3o m\u1ed7i m\u00e1y m\u00f3c r\u1eddi kh\u1ecfi nh\u00e0 m\u00e1y c\u1ee7a ch\u00fang t\u00f4i \u0111\u1ec1u \u0111\u1ea1t ti\u00eau chu\u1ea9n cao nh\u1ea5t. Ch\u00fang t\u00f4i l\u1ea5y nguy\u00ean li\u1ec7u ch\u1ea5t l\u01b0\u1ee3ng cao t\u1eeb c\u00e1c nh\u00e0 cung c\u1ea5p \u0111\u00e1ng tin c\u1eady v\u00e0 s\u1eed d\u1ee5ng k\u1ef9 thu\u1eadt s\u1ea3n xu\u1ea5t ti\u00ean ti\u1ebfn \u0111\u1ec3 t\u1ea1o ra thi\u1ebft b\u1ecb b\u1ec1n ch\u1eafc v\u00e0 l\u00e2u d\u00e0i. Cam k\u1ebft v\u1ec1 ch\u1ea5t l\u01b0\u1ee3ng c\u1ee7a ch\u00fang t\u00f4i c\u00f2n m\u1edf r\u1ed9ng \u0111\u1ebfn c\u00e1c quy tr\u00ecnh ki\u1ec3m tra v\u00e0 th\u1eed nghi\u1ec7m nghi\u00eam ng\u1eb7t, \u0111\u1ea3m b\u1ea3o hi\u1ec7u su\u1ea5t, an to\u00e0n v\u00e0 tu\u1ed5i th\u1ecd c\u1ee7a c\u00e1c m\u00e1y \u00e9p d\u1ea7u.<\/p>    <figure class=\"wp-block-gallery has-nested-images columns-default is-cropped wp-block-gallery-6 is-layout-flex wp-block-gallery-is-layout-flex\"> <figure class=\"wp-block-image size-large\"><img loading=\"lazy\" decoding=\"async\" width=\"540\" height=\"720\" data-id=\"6816\" src=\"https:\/\/www.oilpressing.org\/wp-content\/uploads\/2025\/07\/Stainless-steel-oil-catch-tank.webp\" alt=\"B\u1ec3 ch\u1ee9a d\u1ea7u b\u1eb1ng th\u00e9p kh\u00f4ng g\u1ec9\" class=\"wp-image-6816\" title=\"\" srcset=\"https:\/\/www.oilpressing.org\/wp-content\/uploads\/2025\/07\/Stainless-steel-oil-catch-tank.webp 540w, https:\/\/www.oilpressing.org\/wp-content\/uploads\/2025\/07\/Stainless-steel-oil-catch-tank-225x300.webp 225w, https:\/\/www.oilpressing.org\/wp-content\/uploads\/2025\/07\/Stainless-steel-oil-catch-tank-9x12.webp 9w\" sizes=\"auto, (max-width: 540px) 100vw, 540px\" \/><figcaption class=\"wp-element-caption\">B\u1ec3 ch\u1ee9a d\u1ea7u b\u1eb1ng th\u00e9p kh\u00f4ng g\u1ec9<\/figcaption><\/figure>    <figure class=\"wp-block-image size-large\"><img loading=\"lazy\" decoding=\"async\" width=\"540\" height=\"720\" data-id=\"6785\" src=\"https:\/\/www.oilpressing.org\/wp-content\/uploads\/2018\/11\/hopper.webp\" alt=\"h\u1ed9p ch\u1ee9a\" class=\"wp-image-6785\" title=\"\" srcset=\"https:\/\/www.oilpressing.org\/wp-content\/uploads\/2018\/11\/hopper.webp 540w, https:\/\/www.oilpressing.org\/wp-content\/uploads\/2018\/11\/hopper-225x300.webp 225w, https:\/\/www.oilpressing.org\/wp-content\/uploads\/2018\/11\/hopper-9x12.webp 9w\" sizes=\"auto, (max-width: 540px) 100vw, 540px\" \/><figcaption class=\"wp-element-caption\">B\u00ecnh ch\u1ee9a<\/figcaption><\/figure>    <figure class=\"wp-block-image size-large\"><img loading=\"lazy\" decoding=\"async\" width=\"540\" height=\"720\" data-id=\"6777\" src=\"https:\/\/www.oilpressing.org\/wp-content\/uploads\/2018\/11\/adjusting-handle.webp\" alt=\"tay c\u1ea7m \u0111i\u1ec1u ch\u1ec9nh\" class=\"wp-image-6777\" title=\"\" srcset=\"https:\/\/www.oilpressing.org\/wp-content\/uploads\/2018\/11\/adjusting-handle.webp 540w, https:\/\/www.oilpressing.org\/wp-content\/uploads\/2018\/11\/adjusting-handle-225x300.webp 225w, https:\/\/www.oilpressing.org\/wp-content\/uploads\/2018\/11\/adjusting-handle-9x12.webp 9w\" sizes=\"auto, (max-width: 540px) 100vw, 540px\" \/><figcaption class=\"wp-element-caption\">\u0110i\u1ec1u ch\u1ec9nh tay c\u1ea7m<\/figcaption><\/figure> <\/figure>    <h2 class=\"wp-block-heading\"><strong>H\u1ed7 tr\u1ee3 Kh\u00e1ch h\u00e0ng<\/strong><\/h2>    <p>T\u1ea1i Taizy Home, ch\u00fang t\u00f4i tin t\u01b0\u1edfng cung c\u1ea5p d\u1ecbch v\u1ee5 h\u1ed7 tr\u1ee3 kh\u00e1ch h\u00e0ng xu\u1ea5t s\u1eafc. \u0110\u1ed9i ng\u0169 t\u1eadn t\u00e2m c\u1ee7a ch\u00fang t\u00f4i lu\u00f4n s\u1eb5n s\u00e0ng gi\u1ea3i \u0111\u00e1p th\u1eafc m\u1eafc, cung c\u1ea5p h\u1ed7 tr\u1ee3 k\u1ef9 thu\u1eadt v\u00e0 \u0111\u01b0a ra c\u00e1c gi\u1ea3i ph\u00e1p k\u1ecbp th\u1eddi cho m\u1ecdi m\u1ed1i quan t\u00e2m c\u1ee7a b\u1ea1n. Ch\u00fang t\u00f4i tr\u00e2n tr\u1ecdng s\u1ef1 h\u00e0i l\u00f2ng c\u1ee7a kh\u00e1ch h\u00e0ng v\u00e0 c\u1ed1 g\u1eafng v\u01b0\u1ee3t mong \u0111\u1ee3i c\u1ee7a h\u1ecd \u1edf m\u1ecdi b\u01b0\u1edbc trong qu\u00e1 tr\u00ecnh. T\u1eeb t\u01b0 v\u1ea5n ban \u0111\u1ea7u \u0111\u1ebfn h\u1ed7 tr\u1ee3 sau b\u00e1n h\u00e0ng, ch\u00fang t\u00f4i cam k\u1ebft x\u00e2y d\u1ef1ng m\u1ed1i quan h\u1ec7 l\u00e2u d\u00e0i d\u1ef1a tr\u00ean s\u1ef1 tin t\u01b0\u1edfng, minh b\u1ea1ch v\u00e0 \u0111\u1ed9 tin c\u1eady.<\/p>    <figure class=\"wp-block-gallery has-nested-images columns-default is-cropped wp-block-gallery-7 is-layout-flex wp-block-gallery-is-layout-flex\"> <figure class=\"wp-block-image size-large\"><img loading=\"lazy\" decoding=\"async\" width=\"540\" height=\"720\" data-id=\"7170\" src=\"https:\/\/www.oilpressing.org\/wp-content\/uploads\/2026\/04\/Pakistan-Oil-Press-Machine.webp\" alt=\"Visit by Pakistani Clients\" class=\"wp-image-7170\" title=\"\" srcset=\"https:\/\/www.oilpressing.org\/wp-content\/uploads\/2026\/04\/Pakistan-Oil-Press-Machine.webp 540w, https:\/\/www.oilpressing.org\/wp-content\/uploads\/2026\/04\/Pakistan-Oil-Press-Machine-225x300.webp 225w, https:\/\/www.oilpressing.org\/wp-content\/uploads\/2026\/04\/Pakistan-Oil-Press-Machine-9x12.webp 9w\" sizes=\"auto, (max-width: 540px) 100vw, 540px\" \/><figcaption class=\"wp-element-caption\">Kh\u00e1ch h\u00e0ng Pakistan Th\u0103m Vi\u1ebfng<\/figcaption><\/figure>    <figure class=\"wp-block-image size-large\"><img loading=\"lazy\" decoding=\"async\" width=\"540\" height=\"720\" data-id=\"7163\" src=\"https:\/\/www.oilpressing.org\/wp-content\/uploads\/2026\/04\/Japan-Packaging-Machine.webp\" alt=\"Visit by Japanese Clients\" class=\"wp-image-7163\" title=\"\" srcset=\"https:\/\/www.oilpressing.org\/wp-content\/uploads\/2026\/04\/Japan-Packaging-Machine.webp 540w, https:\/\/www.oilpressing.org\/wp-content\/uploads\/2026\/04\/Japan-Packaging-Machine-225x300.webp 225w, https:\/\/www.oilpressing.org\/wp-content\/uploads\/2026\/04\/Japan-Packaging-Machine-9x12.webp 9w\" sizes=\"auto, (max-width: 540px) 100vw, 540px\" \/><figcaption class=\"wp-element-caption\">Kh\u00e1ch h\u00e0ng Nh\u1eadt B\u1ea3n Th\u0103m Vi\u1ebfng<\/figcaption><\/figure>    <figure class=\"wp-block-image size-large\"><img loading=\"lazy\" decoding=\"async\" width=\"540\" height=\"720\" data-id=\"7184\" src=\"https:\/\/www.oilpressing.org\/wp-content\/uploads\/2026\/04\/Tanzania-Filling-Production-Line.webp\" alt=\"Kh\u00e1ch h\u00e0ng Tanzania Th\u0103m D\u00e2y chuy\u1ec1n S\u1ea3n xu\u1ea5t \u0110\u1ed5 \u0111\u1ea7y\" class=\"wp-image-7184\" title=\"\" srcset=\"https:\/\/www.oilpressing.org\/wp-content\/uploads\/2026\/04\/Tanzania-Filling-Production-Line.webp 540w, https:\/\/www.oilpressing.org\/wp-content\/uploads\/2026\/04\/Tanzania-Filling-Production-Line-225x300.webp 225w, https:\/\/www.oilpressing.org\/wp-content\/uploads\/2026\/04\/Tanzania-Filling-Production-Line-9x12.webp 9w\" sizes=\"auto, (max-width: 540px) 100vw, 540px\" \/><figcaption class=\"wp-element-caption\">Kh\u00e1ch h\u00e0ng Tanzania Th\u0103m D\u00e2y chuy\u1ec1n S\u1ea3n xu\u1ea5t \u0110\u1ed5 \u0111\u1ea7y<\/figcaption><\/figure> <\/figure>    <h2 class=\"wp-block-heading\"><strong>T\u1ea1i sao ch\u1ecdn Taizy?<\/strong><\/h2>    <p>L\u00e0 m\u1ed9t c\u00f4ng ty c\u00f3 \u00fd th\u1ee9c v\u1ec1 m\u00f4i tr\u01b0\u1eddng, ch\u00fang t\u00f4i \u01b0u ti\u00ean t\u00ednh b\u1ec1n v\u1eefng trong ho\u1ea1t \u0111\u1ed9ng c\u1ee7a m\u00ecnh. C\u00e1c m\u00e1y \u00e9p d\u1ea7u c\u1ee7a ch\u00fang t\u00f4i \u0111\u01b0\u1ee3c thi\u1ebft k\u1ebf \u0111\u1ec3 t\u1ed1i \u0111a h\u00f3a hi\u1ec7u qu\u1ea3 n\u0103ng l\u01b0\u1ee3ng, gi\u1ea3m thi\u1ec3u ch\u1ea5t th\u1ea3i c\u00f2n l\u1ea1i v\u00e0 t\u1ed1i \u01b0u h\u00f3a s\u1eed d\u1ee5ng t\u00e0i nguy\u00ean, g\u00f3p ph\u1ea7n v\u00e0o m\u1ed9t t\u01b0\u01a1ng lai xanh h\u01a1n v\u00e0 b\u1ec1n v\u1eefng h\u01a1n cho ch\u1ebf bi\u1ebfn n\u00f4ng nghi\u1ec7p. Ch\u00fang t\u00f4i cam k\u1ebft \u00e1p d\u1ee5ng c\u00e1c th\u1ef1c h\u00e0nh th\u00e2n thi\u1ec7n v\u1edbi m\u00f4i tr\u01b0\u1eddng, gi\u1ea3m d\u1ea5u ch\u00e2n carbon v\u00e0 th\u00fac \u0111\u1ea9y quy tr\u00ecnh s\u1ea3n xu\u1ea5t c\u00f3 tr\u00e1ch nhi\u1ec7m.<\/p>    <p>Khi n\u00f3i \u0111\u1ebfn m\u00e1y m\u00f3c \u00e9p d\u1ea7u v\u00e0 gi\u1ea3i ph\u00e1p ch\u1ebf bi\u1ebfn n\u00f4ng nghi\u1ec7p, h\u00e3y ch\u1ecdn Taizy Home l\u00e0m \u0111\u1ed1i t\u00e1c tin c\u1eady c\u1ee7a b\u1ea1n. V\u1edbi s\u1ef1 xu\u1ea5t s\u1eafc c\u00f4ng ngh\u1ec7, hi\u1ec7n di\u1ec7n to\u00e0n c\u1ea7u, d\u1ecbch v\u1ee5 t\u00f9y ch\u1ec9nh, \u0111\u1ea3m b\u1ea3o ch\u1ea5t l\u01b0\u1ee3ng, h\u1ed7 tr\u1ee3 kh\u00e1ch h\u00e0ng v\u00e0 cam k\u1ebft b\u1ec1n v\u1eefng, ch\u00fang t\u00f4i l\u00e0 l\u1ef1a ch\u1ecdn l\u00fd t\u01b0\u1edfng cho nhu c\u1ea7u s\u1ea3n xu\u1ea5t d\u1ea7u c\u1ee7a b\u1ea1n. Tham gia danh s\u00e1ch ng\u00e0y c\u00e0ng t\u0103ng c\u00e1c kh\u00e1ch h\u00e0ng h\u00e0i l\u00f2ng c\u1ee7a ch\u00fang t\u00f4i v\u00e0 tr\u1ea3i nghi\u1ec7m \u0111\u1ed9 tin c\u1eady c\u00f9ng hi\u1ec7u su\u1ea5t m\u00e0 ch\u00fang t\u00f4i mang l\u1ea1i, gi\u00fap ch\u00fang t\u00f4i n\u1ed5i b\u1eadt h\u01a1n so v\u1edbi \u0111\u1ed1i th\u1ee7.<\/p>    <p>Li\u00ean h\u1ec7 v\u1edbi ch\u00fang t\u00f4i h\u00f4m nay \u0111\u1ec3 th\u1ea3o lu\u1eadn v\u1ec1 y\u00eau c\u1ea7u c\u1ee7a b\u1ea1n v\u00e0 \u0111\u1ec3 ch\u00fang t\u00f4i gi\u00fap b\u1ea1n t\u00ecm ra gi\u1ea3i ph\u00e1p ho\u00e0n h\u1ea3o cho nhu c\u1ea7u s\u1ea3n xu\u1ea5t d\u1ea7u \u0103n c\u1ee7a b\u1ea1n.<\/p>","protected":false},"excerpt":{"rendered":"<p>Welcome to Taizy Home, a professional manufacturer of oil pressing machinery and agricultural processing equipment based in China. Since our establishment, we have been dedicated to delivering top-quality oil-pressing equipment and exceptional service to our valued customers worldwide. With our expertise, innovation, and commitment to customer satisfaction, we have gained recognition as a trusted supplier&#8230;<\/p>","protected":false},"author":1,"featured_media":0,"parent":0,"menu_order":0,"comment_status":"closed","ping_status":"closed","template":"","meta":{"_kad_blocks_custom_css":"","_kad_blocks_head_custom_js":"","_kad_blocks_body_custom_js":"","_kad_blocks_footer_custom_js":"","_kad_post_transparent":"","_kad_post_title":"","_kad_post_layout":"","_kad_post_sidebar_id":"","_kad_post_content_style":"","_kad_post_vertical_padding":"","_kad_post_feature":"","_kad_post_feature_position":"","_kad_post_header":false,"_kad_post_footer":false,"_kad_post_classname":"","footnotes":""},"class_list":["post-1897","page","type-page","status-publish","hentry"],"taxonomy_info":[],"featured_image_src_large":false,"author_info":{"display_name":"admin","author_link":"https:\/\/www.oilpressing.org\/vi\/author\/admin"},"comment_info":0,"_links":{"self":[{"href":"https:\/\/www.oilpressing.org\/vi\/wp-json\/wp\/v2\/pages\/1897","targetHints":{"allow":["GET"]}}],"collection":[{"href":"https:\/\/www.oilpressing.org\/vi\/wp-json\/wp\/v2\/pages"}],"about":[{"href":"https:\/\/www.oilpressing.org\/vi\/wp-json\/wp\/v2\/types\/page"}],"author":[{"embeddable":true,"href":"https:\/\/www.oilpressing.org\/vi\/wp-json\/wp\/v2\/users\/1"}],"replies":[{"embeddable":true,"href":"https:\/\/www.oilpressing.org\/vi\/wp-json\/wp\/v2\/comments?post=1897"}],"version-history":[{"count":1,"href":"https:\/\/www.oilpressing.org\/vi\/wp-json\/wp\/v2\/pages\/1897\/revisions"}],"predecessor-version":[{"id":7198,"href":"https:\/\/www.oilpressing.org\/vi\/wp-json\/wp\/v2\/pages\/1897\/revisions\/7198"}],"wp:attachment":[{"href":"https:\/\/www.oilpressing.org\/vi\/wp-json\/wp\/v2\/media?parent=1897"}],"curies":[{"name":"wp","href":"https:\/\/api.w.org\/{rel}","templated":true}]}}