{"id":10,"date":"2018-11-05T08:21:27","date_gmt":"2018-11-05T08:21:27","guid":{"rendered":"http:\/\/www.oilpressing.org\/?page_id=10"},"modified":"2025-06-04T17:29:25","modified_gmt":"2025-06-04T09:29:25","slug":"contactez-nous","status":"publish","type":"page","link":"https:\/\/www.oilpressing.org\/vi\/contactez-nous","title":{"rendered":"Li\u00ean h\u1ec7 ch\u00fang t\u00f4i"},"content":{"rendered":"<div class=\"wp-block-image\"> <figure class=\"alignleft\"><img loading=\"lazy\" decoding=\"async\" width=\"350\" height=\"280\" src=\"http:\/\/www.oilpressing.org\/wp-content\/uploads\/2018\/11\/Contact-Us.jpg\" alt=\"\" class=\"wp-image-32\" title=\"\" srcset=\"https:\/\/www.oilpressing.org\/wp-content\/uploads\/2018\/11\/Contact-Us.jpg 350w, https:\/\/www.oilpressing.org\/wp-content\/uploads\/2018\/11\/Contact-Us-300x240.jpg 300w\" sizes=\"auto, (max-width: 350px) 100vw, 350px\" \/><\/figure> <\/div>   <div class=\"contact-us\"> <p class=\"translation-block\"><strong> Zhengzhou Taizy Machinery Co., Ltd. <\/strong><\/p> <p class=\"translation-block\">Email: <strong>info@oilpressing.org<\/strong><\/p> <p>\u0110\u1ecba ch\u1ec9: Nautical Road East, Khu ph\u00e1t tri\u1ec3n kinh t\u1ebf Zhengzhou, H\u00e0 Nam, Trung Qu\u1ed1c<\/p> <p class=\"translation-block\">Tel\/Whatsapp\/WeChat: <strong>+86 191 3975 4781<\/strong><\/p> <\/div>","protected":false},"excerpt":{"rendered":"<p>C\u00f4ng ty TNHH M\u00e1y m\u00f3c Zhengzhou Taizy. Email: info@oilpressing.org \u0110\u1ecba ch\u1ec9: \u0110\u01b0\u1eddng h\u00e0ng h\u1ea3i \u0110\u00f4ng, Khu ph\u00e1t tri\u1ec3n kinh t\u1ebf Zhengzhou, H\u00e0 Nam, Trung Qu\u1ed1c \u0110i\u1ec7n tho\u1ea1i\/Whatsapp\/WeChat: +86 191 3975 4781<\/p>","protected":false},"author":1,"featured_media":0,"parent":0,"menu_order":0,"comment_status":"open","ping_status":"closed","template":"","meta":{"_kad_blocks_custom_css":"","_kad_blocks_head_custom_js":"","_kad_blocks_body_custom_js":"","_kad_blocks_footer_custom_js":"","_kad_post_transparent":"","_kad_post_title":"","_kad_post_layout":"","_kad_post_sidebar_id":"","_kad_post_content_style":"","_kad_post_vertical_padding":"","_kad_post_feature":"","_kad_post_feature_position":"","_kad_post_header":false,"_kad_post_footer":false,"_kad_post_classname":"","footnotes":""},"class_list":["post-10","page","type-page","status-publish","hentry"],"taxonomy_info":[],"featured_image_src_large":false,"author_info":{"display_name":"admin","author_link":"https:\/\/www.oilpressing.org\/vi\/author\/admin"},"comment_info":4,"_links":{"self":[{"href":"https:\/\/www.oilpressing.org\/vi\/wp-json\/wp\/v2\/pages\/10","targetHints":{"allow":["GET"]}}],"collection":[{"href":"https:\/\/www.oilpressing.org\/vi\/wp-json\/wp\/v2\/pages"}],"about":[{"href":"https:\/\/www.oilpressing.org\/vi\/wp-json\/wp\/v2\/types\/page"}],"author":[{"embeddable":true,"href":"https:\/\/www.oilpressing.org\/vi\/wp-json\/wp\/v2\/users\/1"}],"replies":[{"embeddable":true,"href":"https:\/\/www.oilpressing.org\/vi\/wp-json\/wp\/v2\/comments?post=10"}],"version-history":[{"count":0,"href":"https:\/\/www.oilpressing.org\/vi\/wp-json\/wp\/v2\/pages\/10\/revisions"}],"wp:attachment":[{"href":"https:\/\/www.oilpressing.org\/vi\/wp-json\/wp\/v2\/media?parent=10"}],"curies":[{"name":"wp","href":"https:\/\/api.w.org\/{rel}","templated":true}]}}