{"id":1897,"date":"2021-12-08T10:34:25","date_gmt":"2021-12-08T10:34:25","guid":{"rendered":"https:\/\/www.oilpressing.org\/?page_id=1897"},"modified":"2026-04-16T15:26:51","modified_gmt":"2026-04-16T07:26:51","slug":"about-us","status":"publish","type":"page","link":"https:\/\/www.oilpressing.org\/tr\/about-us","title":{"rendered":"Hakk\u0131m\u0131zda"},"content":{"rendered":"<p>\u00c7in merkezli, ya\u011f presleme makineleri ve tar\u0131m i\u015fleme ekipmanlar\u0131 konusunda uzman bir \u00fcretici olan Taizy Home'a ho\u015f geldiniz. Kurulu\u015fumuzdan bu yana, d\u00fcnya genelinde de\u011ferli m\u00fc\u015fterilerimize y\u00fcksek kaliteli ya\u011f presleme ekipmanlar\u0131 ve m\u00fckemmel hizmet sunmaya kendimizi adad\u0131k. Uzmanl\u0131\u011f\u0131m\u0131z, yenilik\u00e7ilik ve m\u00fc\u015fteri memnuniyetine olan ba\u011fl\u0131l\u0131\u011f\u0131m\u0131z ile tar\u0131m makineleri sekt\u00f6r\u00fcnde g\u00fcvenilir bir tedarik\u00e7i olarak tan\u0131nd\u0131k.<\/p>    <figure class=\"wp-block-image size-full is-resized\"><img loading=\"lazy\" decoding=\"async\" width=\"400\" height=\"167\" src=\"https:\/\/www.oilpressing.org\/wp-content\/uploads\/2021\/12\/admin-ajax.jpg\" alt=\"\" class=\"wp-image-1900\" style=\"width:397px;height:166px\" title=\"\" srcset=\"https:\/\/www.oilpressing.org\/wp-content\/uploads\/2021\/12\/admin-ajax.jpg 400w, https:\/\/www.oilpressing.org\/wp-content\/uploads\/2021\/12\/admin-ajax-300x125.jpg 300w\" sizes=\"auto, (max-width: 400px) 100vw, 400px\" \/><\/figure>    <h2 class=\"wp-block-heading\"><strong>Ba\u015fl\u0131ca \u00fcr\u00fcnlerimiz ve pazar\u0131m\u0131z<\/strong><\/h2>    <p>Ana \u00fcr\u00fcnlerimiz aras\u0131nda tohum kavurma makineleri, ya\u011f presleri, ya\u011f filtreleri, rafine ya\u011f ekipmanlar\u0131, ya\u011f \u00fcretim hatlar\u0131 vb. bulunmaktad\u0131r. Son y\u0131llarda \u00fcr\u00fcnlerimiz, Nijerya, Kenya, G\u00fcney Afrika, Gana, Kongo, Etiyopya, Namibya, Fas, Botsvana, Zimbabve, Uganda, Cezayir, Kamerun gibi Afrika ve G\u00fcneydo\u011fu Asya pazarlar\u0131nda b\u00fcy\u00fck ilgi g\u00f6rm\u00fc\u015ft\u00fcr.<\/p>    <figure class=\"wp-block-gallery has-nested-images columns-default is-cropped wp-block-gallery-2 is-layout-flex wp-block-gallery-is-layout-flex\"> <figure class=\"wp-block-image size-large\"><img loading=\"lazy\" decoding=\"async\" width=\"720\" height=\"540\" data-id=\"2770\" src=\"https:\/\/www.oilpressing.org\/wp-content\/uploads\/2022\/06\/pepper-oil-making-machine.jpg\" alt=\"ya\u011f yapma makinesi\" class=\"wp-image-2770\" title=\"\"><figcaption class=\"wp-element-caption\">Ya\u011f Yapma Makinesi<\/figcaption><\/figure>    <figure class=\"wp-block-image size-large\"><img loading=\"lazy\" decoding=\"async\" width=\"720\" height=\"540\" data-id=\"2750\" src=\"https:\/\/www.oilpressing.org\/wp-content\/uploads\/2022\/06\/screw-castor-oil-press-machine.jpg\" alt=\"vidal\u0131 hint ya\u011f\u0131 pres makinesi\" class=\"wp-image-2750\" title=\"\"><figcaption class=\"wp-element-caption\">Vidal\u0131 Hint Ya\u011f\u0131 Pres Makinas\u0131<\/figcaption><\/figure>    <figure class=\"wp-block-image size-large\"><img loading=\"lazy\" decoding=\"async\" width=\"720\" height=\"540\" data-id=\"2749\" src=\"https:\/\/www.oilpressing.org\/wp-content\/uploads\/2022\/06\/hydraulic-castor-oil-machines.jpg\" alt=\"hidroli\u011fin zeytinya\u011f\u0131 makineleri\" class=\"wp-image-2749\" title=\"\"><figcaption class=\"wp-element-caption\">Hidrolik Biber Ya\u011f\u0131 Makineleri<\/figcaption><\/figure> <\/figure>    <h2 class=\"wp-block-heading\"><strong>Teknolojik M\u00fckemmellik<\/strong><\/h2>    <p>Taizy Home'da, teknolojik m\u00fckemmeliyetimize gurur duyuyoruz. Yetkin m\u00fchendis ve teknisyen ekibimiz, sekt\u00f6r geli\u015fmelerinin \u00f6n\u00fcnde kalmak i\u00e7in s\u00fcrekli olarak en yeni teknolojilere ayak uydurur ve ya\u011f presleme makinelerimizin en son teknolojik \u00f6zelliklerle donat\u0131lmas\u0131n\u0131 sa\u011flar. Ara\u015ft\u0131rma ve geli\u015ftirmeye s\u00fcrekli yat\u0131r\u0131m yaparak, ya\u011f \u00fcretim pazar\u0131n\u0131n de\u011fi\u015fen ihtiya\u00e7lar\u0131na uygun en geli\u015fmi\u015f \u00e7\u00f6z\u00fcmleri sunabiliyoruz. Yenili\u011fi benimseyerek, y\u00fcksek performansl\u0131 makineler sunuyoruz; bu makineler, ya\u011f verimini, verimlili\u011fi ve \u00fcretkenli\u011fi en \u00fcst d\u00fczeye \u00e7\u0131kar\u0131r.<\/p>    <figure class=\"wp-block-gallery has-nested-images columns-default is-cropped wp-block-gallery-3 is-layout-flex wp-block-gallery-is-layout-flex\"> <figure class=\"wp-block-image size-large\"><img loading=\"lazy\" decoding=\"async\" width=\"720\" height=\"540\" data-id=\"7086\" src=\"https:\/\/www.oilpressing.org\/wp-content\/uploads\/2026\/01\/Filter-screen.webp\" alt=\"Filtre ekran\u0131\" class=\"wp-image-7086\" title=\"\" srcset=\"https:\/\/www.oilpressing.org\/wp-content\/uploads\/2026\/01\/Filter-screen.webp 720w, https:\/\/www.oilpressing.org\/wp-content\/uploads\/2026\/01\/Filter-screen-300x225.webp 300w, https:\/\/www.oilpressing.org\/wp-content\/uploads\/2026\/01\/Filter-screen-16x12.webp 16w\" sizes=\"auto, (max-width: 720px) 100vw, 720px\" \/><figcaption class=\"wp-element-caption\">Filtre Ekran\u0131<\/figcaption><\/figure>    <figure class=\"wp-block-image size-large\"><img loading=\"lazy\" decoding=\"async\" width=\"720\" height=\"540\" data-id=\"6817\" src=\"https:\/\/www.oilpressing.org\/wp-content\/uploads\/2025\/07\/Strips-of-inconsistent-width.webp\" alt=\"Tutars\u0131z geni\u015flikte \u015feritler\" class=\"wp-image-6817\" title=\"\" srcset=\"https:\/\/www.oilpressing.org\/wp-content\/uploads\/2025\/07\/Strips-of-inconsistent-width.webp 720w, https:\/\/www.oilpressing.org\/wp-content\/uploads\/2025\/07\/Strips-of-inconsistent-width-300x225.webp 300w, https:\/\/www.oilpressing.org\/wp-content\/uploads\/2025\/07\/Strips-of-inconsistent-width-16x12.webp 16w\" sizes=\"auto, (max-width: 720px) 100vw, 720px\" \/><figcaption class=\"wp-element-caption\">Tutars\u0131z Geni\u015flikte \u015eeritler<\/figcaption><\/figure>    <figure class=\"wp-block-image size-large\"><img loading=\"lazy\" decoding=\"async\" width=\"720\" height=\"540\" data-id=\"6776\" src=\"https:\/\/www.oilpressing.org\/wp-content\/uploads\/2018\/11\/control-cabinets.webp\" alt=\"kontrol panelleri\" class=\"wp-image-6776\" title=\"\" srcset=\"https:\/\/www.oilpressing.org\/wp-content\/uploads\/2018\/11\/control-cabinets.webp 720w, https:\/\/www.oilpressing.org\/wp-content\/uploads\/2018\/11\/control-cabinets-300x225.webp 300w, https:\/\/www.oilpressing.org\/wp-content\/uploads\/2018\/11\/control-cabinets-16x12.webp 16w\" sizes=\"auto, (max-width: 720px) 100vw, 720px\" \/><figcaption class=\"wp-element-caption\">Kontrol Panelleri<\/figcaption><\/figure> <\/figure>    <h2 class=\"wp-block-heading\"><strong>K\u00fcresel Varl\u0131k<\/strong><\/h2>    <p>Y\u0131llar i\u00e7inde, ya\u011f presleme makinelerimiz ve ilgili i\u015fleme ekipmanlar\u0131m\u0131z d\u00fcnya genelinde pop\u00fclerlik kazanm\u0131\u015ft\u0131r. \u00dcr\u00fcnlerimizi 20'den fazla \u00fclke ve b\u00f6lgeye ba\u015far\u0131yla ihra\u00e7 ettik ve d\u00fcnya \u00e7ap\u0131nda m\u00fc\u015fterilerin g\u00fcvenini ve sadakatini kazand\u0131k. \u00dcst\u00fcn kalite ve g\u00fcvenilirlik sunma taahh\u00fcd\u00fcm\u00fcz, m\u00fc\u015fterilerle uzun vadeli ortakl\u0131klar kurmam\u0131za olanak sa\u011flad\u0131; onlar, ya\u011f \u00fcretim makinelerine ihtiya\u00e7 duyduklar\u0131nda bize g\u00fcveniyorlar. Konumunuz ne olursa olsun, size m\u00fckemmeliyet ve profesyonellikle hizmet vermeye adad\u0131k.<\/p>    <figure class=\"wp-block-gallery has-nested-images columns-default is-cropped wp-block-gallery-4 is-layout-flex wp-block-gallery-is-layout-flex\"> <figure class=\"wp-block-image size-large\"><img loading=\"lazy\" decoding=\"async\" width=\"720\" height=\"540\" data-id=\"6997\" src=\"https:\/\/www.oilpressing.org\/wp-content\/uploads\/2025\/09\/Hydraulic-Oil-Press-Packing.webp\" alt=\"Hidrolik Ya\u011f Pres Paketleme\" class=\"wp-image-6997\" title=\"\" srcset=\"https:\/\/www.oilpressing.org\/wp-content\/uploads\/2025\/09\/Hydraulic-Oil-Press-Packing.webp 720w, https:\/\/www.oilpressing.org\/wp-content\/uploads\/2025\/09\/Hydraulic-Oil-Press-Packing-300x225.webp 300w, https:\/\/www.oilpressing.org\/wp-content\/uploads\/2025\/09\/Hydraulic-Oil-Press-Packing-16x12.webp 16w\" sizes=\"auto, (max-width: 720px) 100vw, 720px\" \/><figcaption class=\"wp-element-caption\">Hidrolik Ya\u011f Pres Paketleme<\/figcaption><\/figure>    <figure class=\"wp-block-image size-large\"><img loading=\"lazy\" decoding=\"async\" width=\"720\" height=\"540\" data-id=\"6973\" src=\"https:\/\/www.oilpressing.org\/wp-content\/uploads\/2025\/09\/Successful-departure.webp\" alt=\"Ba\u015far\u0131l\u0131 kalk\u0131\u015f\" class=\"wp-image-6973\" title=\"\" srcset=\"https:\/\/www.oilpressing.org\/wp-content\/uploads\/2025\/09\/Successful-departure.webp 720w, https:\/\/www.oilpressing.org\/wp-content\/uploads\/2025\/09\/Successful-departure-300x225.webp 300w, https:\/\/www.oilpressing.org\/wp-content\/uploads\/2025\/09\/Successful-departure-16x12.webp 16w\" sizes=\"auto, (max-width: 720px) 100vw, 720px\" \/><figcaption class=\"wp-element-caption\">Ba\u015far\u0131l\u0131 Ayr\u0131l\u0131\u015f<\/figcaption><\/figure>    <figure class=\"wp-block-image size-large\"><img loading=\"lazy\" decoding=\"async\" width=\"720\" height=\"540\" data-id=\"6995\" src=\"https:\/\/www.oilpressing.org\/wp-content\/uploads\/2025\/09\/Hydraulic-Oil-Press-Loading-into-Container.webp\" alt=\"Hidrolik Ya\u011f Pres Konteynere Y\u00fckleniyor\" class=\"wp-image-6995\" title=\"\" srcset=\"https:\/\/www.oilpressing.org\/wp-content\/uploads\/2025\/09\/Hydraulic-Oil-Press-Loading-into-Container.webp 720w, https:\/\/www.oilpressing.org\/wp-content\/uploads\/2025\/09\/Hydraulic-Oil-Press-Loading-into-Container-300x225.webp 300w, https:\/\/www.oilpressing.org\/wp-content\/uploads\/2025\/09\/Hydraulic-Oil-Press-Loading-into-Container-16x12.webp 16w\" sizes=\"auto, (max-width: 720px) 100vw, 720px\" \/><figcaption class=\"wp-element-caption\">Konteynere Hidrolik Ya\u011f Presinin Y\u00fcklenmesi<\/figcaption><\/figure> <\/figure>    <h2 class=\"wp-block-heading\"><strong>\u00d6zelle\u015ftirme Hizmetleri<\/strong><\/h2>    <p>Her m\u00fc\u015fterinin benzersiz ihtiya\u00e7lar\u0131 oldu\u011funu anl\u0131yoruz. Bu nedenle, ya\u011f presleme makinelerimizi \u00f6zel ihtiya\u00e7lar\u0131n\u0131za g\u00f6re uyarlamak i\u00e7in kapsaml\u0131 \u00f6zelle\u015ftirme hizmetleri sunuyoruz. Deneyimli ekibimiz, \u00fcretim kapasiteniz, hammadde t\u00fcrleri, alan s\u0131n\u0131rlamalar\u0131 ve b\u00fct\u00e7e k\u0131s\u0131tlamalar\u0131n\u0131z\u0131 anlamak i\u00e7in sizinle yak\u0131n \u00e7al\u0131\u015f\u0131r. Bu bilgilerle, tam olarak ihtiya\u00e7lar\u0131n\u0131za uygun makineler tasarlar ve \u00fcretiriz. Mevcut bir modeli de\u011fi\u015ftirmek veya tamamen yeni entegre bir ya\u011f \u00fcretim \u00e7\u00f6z\u00fcm\u00fc olu\u015fturmak istiyorsan\u0131z, hayalinizi ger\u00e7e\u011fe d\u00f6n\u00fc\u015ft\u00fcrmek i\u00e7in buraday\u0131z.<\/p>    <figure class=\"wp-block-gallery has-nested-images columns-default is-cropped wp-block-gallery-5 is-layout-flex wp-block-gallery-is-layout-flex\"> <figure class=\"wp-block-image size-large\"><img loading=\"lazy\" decoding=\"async\" width=\"720\" height=\"540\" data-id=\"7115\" src=\"https:\/\/www.oilpressing.org\/wp-content\/uploads\/2026\/03\/oil-filling-equipment.webp\" alt=\"oil filling equipment\" class=\"wp-image-7115\" title=\"\" srcset=\"https:\/\/www.oilpressing.org\/wp-content\/uploads\/2026\/03\/oil-filling-equipment.webp 720w, https:\/\/www.oilpressing.org\/wp-content\/uploads\/2026\/03\/oil-filling-equipment-300x225.webp 300w, https:\/\/www.oilpressing.org\/wp-content\/uploads\/2026\/03\/oil-filling-equipment-16x12.webp 16w\" sizes=\"auto, (max-width: 720px) 100vw, 720px\" \/><figcaption class=\"wp-element-caption\">Ya\u011f Doldurma Ekipmanlar\u0131<\/figcaption><\/figure>    <figure class=\"wp-block-image size-large\"><img loading=\"lazy\" decoding=\"async\" width=\"720\" height=\"540\" data-id=\"6898\" src=\"https:\/\/www.oilpressing.org\/wp-content\/uploads\/2025\/07\/Peanut-Roasters-Inventory-1.webp\" alt=\"Ay\u00e7i\u00e7ek Tohumu Kavurucular\u0131 Envanteri\" class=\"wp-image-6898\" title=\"\" srcset=\"https:\/\/www.oilpressing.org\/wp-content\/uploads\/2025\/07\/Peanut-Roasters-Inventory-1.webp 720w, https:\/\/www.oilpressing.org\/wp-content\/uploads\/2025\/07\/Peanut-Roasters-Inventory-1-300x225.webp 300w, https:\/\/www.oilpressing.org\/wp-content\/uploads\/2025\/07\/Peanut-Roasters-Inventory-1-16x12.webp 16w\" sizes=\"auto, (max-width: 720px) 100vw, 720px\" \/><figcaption class=\"wp-element-caption\">Ay\u00e7i\u00e7ek Tohumu Kavurucular\u0131 Envanteri<\/figcaption><\/figure>    <figure class=\"wp-block-image size-large\"><img loading=\"lazy\" decoding=\"async\" width=\"720\" height=\"540\" data-id=\"6893\" src=\"https:\/\/www.oilpressing.org\/wp-content\/uploads\/2025\/07\/Three-cylinder-sesame-seed-roaster.webp\" alt=\"\u00dc\u00e7 silind\u0131rl\u0131 ay\u00e7i\u00e7ek tohumu kavurucu\" class=\"wp-image-6893\" title=\"\" srcset=\"https:\/\/www.oilpressing.org\/wp-content\/uploads\/2025\/07\/Three-cylinder-sesame-seed-roaster.webp 720w, https:\/\/www.oilpressing.org\/wp-content\/uploads\/2025\/07\/Three-cylinder-sesame-seed-roaster-300x225.webp 300w, https:\/\/www.oilpressing.org\/wp-content\/uploads\/2025\/07\/Three-cylinder-sesame-seed-roaster-16x12.webp 16w\" sizes=\"auto, (max-width: 720px) 100vw, 720px\" \/><figcaption class=\"wp-element-caption\">\u00dc\u00e7 Silind\u0131rl\u0131 Ay\u00e7i\u00e7ek Tohumu Kavurucu<\/figcaption><\/figure> <\/figure>    <h2 class=\"wp-block-heading\"><strong>Kalite G\u00fcvencesi<\/strong><\/h2>    <p>Kalite, Taizy Home'da en \u00f6nemli \u00f6nceli\u011fimizdir. \u00dcretim s\u00fcreci boyunca s\u0131k\u0131 kalite kontrol \u00f6nlemlerine uyuyoruz, b\u00f6ylece tesisimizden \u00e7\u0131kan her makinenin en y\u00fcksek standartlara uygun olmas\u0131n\u0131 sa\u011fl\u0131yoruz. G\u00fcvenilir tedarik\u00e7ilerden y\u00fcksek kaliteli malzemeler temin ediyor ve dayan\u0131kl\u0131 ve sa\u011flam ekipmanlar olu\u015fturmak i\u00e7in geli\u015fmi\u015f \u00fcretim teknikleri kullan\u0131yoruz. Kaliteye olan ba\u011fl\u0131l\u0131\u011f\u0131m\u0131z, performans, g\u00fcvenlik ve uzun \u00f6m\u00fcr garantisi veren titiz test ve denetim prosed\u00fcrlerine de yans\u0131maktad\u0131r.<\/p>    <figure class=\"wp-block-gallery has-nested-images columns-default is-cropped wp-block-gallery-6 is-layout-flex wp-block-gallery-is-layout-flex\"> <figure class=\"wp-block-image size-large\"><img loading=\"lazy\" decoding=\"async\" width=\"540\" height=\"720\" data-id=\"6816\" src=\"https:\/\/www.oilpressing.org\/wp-content\/uploads\/2025\/07\/Stainless-steel-oil-catch-tank.webp\" alt=\"Paslanmaz \u00e7elik ya\u011f yakalama tank\u0131\" class=\"wp-image-6816\" title=\"\" srcset=\"https:\/\/www.oilpressing.org\/wp-content\/uploads\/2025\/07\/Stainless-steel-oil-catch-tank.webp 540w, https:\/\/www.oilpressing.org\/wp-content\/uploads\/2025\/07\/Stainless-steel-oil-catch-tank-225x300.webp 225w, https:\/\/www.oilpressing.org\/wp-content\/uploads\/2025\/07\/Stainless-steel-oil-catch-tank-9x12.webp 9w\" sizes=\"auto, (max-width: 540px) 100vw, 540px\" \/><figcaption class=\"wp-element-caption\">Paslanmaz \u00c7elik Ya\u011f Yakalama Tank\u0131<\/figcaption><\/figure>    <figure class=\"wp-block-image size-large\"><img loading=\"lazy\" decoding=\"async\" width=\"540\" height=\"720\" data-id=\"6785\" src=\"https:\/\/www.oilpressing.org\/wp-content\/uploads\/2018\/11\/hopper.webp\" alt=\"hopper\" class=\"wp-image-6785\" title=\"\" srcset=\"https:\/\/www.oilpressing.org\/wp-content\/uploads\/2018\/11\/hopper.webp 540w, https:\/\/www.oilpressing.org\/wp-content\/uploads\/2018\/11\/hopper-225x300.webp 225w, https:\/\/www.oilpressing.org\/wp-content\/uploads\/2018\/11\/hopper-9x12.webp 9w\" sizes=\"auto, (max-width: 540px) 100vw, 540px\" \/><figcaption class=\"wp-element-caption\">Hopper<\/figcaption><\/figure>    <figure class=\"wp-block-image size-large\"><img loading=\"lazy\" decoding=\"async\" width=\"540\" height=\"720\" data-id=\"6777\" src=\"https:\/\/www.oilpressing.org\/wp-content\/uploads\/2018\/11\/adjusting-handle.webp\" alt=\"ayarlama kolu\" class=\"wp-image-6777\" title=\"\" srcset=\"https:\/\/www.oilpressing.org\/wp-content\/uploads\/2018\/11\/adjusting-handle.webp 540w, https:\/\/www.oilpressing.org\/wp-content\/uploads\/2018\/11\/adjusting-handle-225x300.webp 225w, https:\/\/www.oilpressing.org\/wp-content\/uploads\/2018\/11\/adjusting-handle-9x12.webp 9w\" sizes=\"auto, (max-width: 540px) 100vw, 540px\" \/><figcaption class=\"wp-element-caption\">Ayarlama Kolu<\/figcaption><\/figure> <\/figure>    <h2 class=\"wp-block-heading\"><strong>M\u00fc\u015fteri Deste\u011fi<\/strong><\/h2>    <p>Taizy Home'da, m\u00fckemmel m\u00fc\u015fteri deste\u011fi sunmaya inan\u0131yoruz. Kendini adam\u0131\u015f ekibimiz, her zaman sorular\u0131n\u0131z\u0131 yan\u0131tlamaya, teknik destek sa\u011flamaya ve herhangi bir endi\u015fenize zaman\u0131nda \u00e7\u00f6z\u00fcmler sunmaya haz\u0131rd\u0131r. M\u00fc\u015fteri memnuniyetine de\u011fer veriyor ve her a\u015famada beklentilerini a\u015fmaya \u00e7al\u0131\u015f\u0131yoruz. \u0130lk dan\u0131\u015fmadan sat\u0131\u015f sonras\u0131 deste\u011fe kadar, g\u00fcven, \u015feffafl\u0131k ve g\u00fcvenilirlik temelinde kal\u0131c\u0131 ili\u015fkiler kurmaya kararl\u0131y\u0131z.<\/p>    <figure class=\"wp-block-gallery has-nested-images columns-default is-cropped wp-block-gallery-7 is-layout-flex wp-block-gallery-is-layout-flex\"> <figure class=\"wp-block-image size-large\"><img loading=\"lazy\" decoding=\"async\" width=\"540\" height=\"720\" data-id=\"7170\" src=\"https:\/\/www.oilpressing.org\/wp-content\/uploads\/2026\/04\/Pakistan-Oil-Press-Machine.webp\" alt=\"Visit by Pakistani Clients\" class=\"wp-image-7170\" title=\"\" srcset=\"https:\/\/www.oilpressing.org\/wp-content\/uploads\/2026\/04\/Pakistan-Oil-Press-Machine.webp 540w, https:\/\/www.oilpressing.org\/wp-content\/uploads\/2026\/04\/Pakistan-Oil-Press-Machine-225x300.webp 225w, https:\/\/www.oilpressing.org\/wp-content\/uploads\/2026\/04\/Pakistan-Oil-Press-Machine-9x12.webp 9w\" sizes=\"auto, (max-width: 540px) 100vw, 540px\" \/><figcaption class=\"wp-element-caption\">Pakistanl\u0131 M\u00fc\u015fteriler Ziyareti<\/figcaption><\/figure>    <figure class=\"wp-block-image size-large\"><img loading=\"lazy\" decoding=\"async\" width=\"540\" height=\"720\" data-id=\"7163\" src=\"https:\/\/www.oilpressing.org\/wp-content\/uploads\/2026\/04\/Japan-Packaging-Machine.webp\" alt=\"Visit by Japanese Clients\" class=\"wp-image-7163\" title=\"\" srcset=\"https:\/\/www.oilpressing.org\/wp-content\/uploads\/2026\/04\/Japan-Packaging-Machine.webp 540w, https:\/\/www.oilpressing.org\/wp-content\/uploads\/2026\/04\/Japan-Packaging-Machine-225x300.webp 225w, https:\/\/www.oilpressing.org\/wp-content\/uploads\/2026\/04\/Japan-Packaging-Machine-9x12.webp 9w\" sizes=\"auto, (max-width: 540px) 100vw, 540px\" \/><figcaption class=\"wp-element-caption\">Japon M\u00fc\u015fteriler Ziyareti<\/figcaption><\/figure>    <figure class=\"wp-block-image size-large\"><img loading=\"lazy\" decoding=\"async\" width=\"540\" height=\"720\" data-id=\"7184\" src=\"https:\/\/www.oilpressing.org\/wp-content\/uploads\/2026\/04\/Tanzania-Filling-Production-Line.webp\" alt=\"Tanzanya Dolum \u00dcretim Hatt\u0131n\u0131 Ziyaret Etti\" class=\"wp-image-7184\" title=\"\" srcset=\"https:\/\/www.oilpressing.org\/wp-content\/uploads\/2026\/04\/Tanzania-Filling-Production-Line.webp 540w, https:\/\/www.oilpressing.org\/wp-content\/uploads\/2026\/04\/Tanzania-Filling-Production-Line-225x300.webp 225w, https:\/\/www.oilpressing.org\/wp-content\/uploads\/2026\/04\/Tanzania-Filling-Production-Line-9x12.webp 9w\" sizes=\"auto, (max-width: 540px) 100vw, 540px\" \/><figcaption class=\"wp-element-caption\">Tanzanya Dolum \u00dcretim Hatt\u0131n\u0131 Ziyaret Etti<\/figcaption><\/figure> <\/figure>    <h2 class=\"wp-block-heading\"><strong>Neden Taizy'i se\u00e7melisiniz?<\/strong><\/h2>    <p>\u00c7evre bilincine sahip bir \u015firket olarak, operasyonlar\u0131m\u0131zda s\u00fcrd\u00fcr\u00fclebilirli\u011fi \u00f6n planda tutuyoruz. Ya\u011f presleme makinelerimiz, enerji verimlili\u011fini en \u00fcst d\u00fczeye \u00e7\u0131karmak, kal\u0131nt\u0131 at\u0131klar\u0131n\u0131 azaltmak ve kaynak kullan\u0131m\u0131n\u0131 optimize etmek \u00fczere tasarlanm\u0131\u015ft\u0131r, b\u00f6ylece tar\u0131msal i\u015fleme i\u00e7in daha ye\u015fil ve s\u00fcrd\u00fcr\u00fclebilir bir gelecek katk\u0131s\u0131nda bulunuruz. \u00c7evre dostu uygulamalar\u0131 benimsemeye, karbon ayak izimizi azaltmaya ve sorumlu \u00fcretim s\u00fcre\u00e7lerini te\u015fvik etmeye kararl\u0131y\u0131z.<\/p>    <p>Ya\u011f presleme makineleri ve tar\u0131m i\u015fleme \u00e7\u00f6z\u00fcmleri s\u00f6z konusu oldu\u011funda, g\u00fcvenilir orta\u011f\u0131n\u0131z olarak Taizy Home'u se\u00e7in. Teknolojik m\u00fckemmeliyetimiz, k\u00fcresel varl\u0131\u011f\u0131m\u0131z, \u00f6zelle\u015ftirme hizmetlerimiz, kalite g\u00fcvencemiz, m\u00fc\u015fteri deste\u011fimiz ve s\u00fcrd\u00fcr\u00fclebilirli\u011fe olan ba\u011fl\u0131l\u0131\u011f\u0131m\u0131z ile ya\u011f \u00fcretim ihtiya\u00e7lar\u0131n\u0131z i\u00e7in ideal se\u00e7imiz. Memnun m\u00fc\u015fteriler listemize kat\u0131l\u0131n ve bizi di\u011ferlerinden ay\u0131ran g\u00fcvenilirlik ve performans\u0131 deneyimleyin.<\/p>    <p>Bug\u00fcn bizimle ileti\u015fime ge\u00e7in, ihtiya\u00e7lar\u0131n\u0131z\u0131 tart\u0131\u015f\u0131n ve size uygun yenilebilir ya\u011f \u00fcretim \u00e7\u00f6z\u00fcmlerini bulmam\u0131za izin verin.<\/p>","protected":false},"excerpt":{"rendered":"<p>Welcome to Taizy Home, a professional manufacturer of oil pressing machinery and agricultural processing equipment based in China. Since our establishment, we have been dedicated to delivering top-quality oil-pressing equipment and exceptional service to our valued customers worldwide. With our expertise, innovation, and commitment to customer satisfaction, we have gained recognition as a trusted supplier&#8230;<\/p>","protected":false},"author":1,"featured_media":0,"parent":0,"menu_order":0,"comment_status":"closed","ping_status":"closed","template":"","meta":{"_kad_blocks_custom_css":"","_kad_blocks_head_custom_js":"","_kad_blocks_body_custom_js":"","_kad_blocks_footer_custom_js":"","_kad_post_transparent":"","_kad_post_title":"","_kad_post_layout":"","_kad_post_sidebar_id":"","_kad_post_content_style":"","_kad_post_vertical_padding":"","_kad_post_feature":"","_kad_post_feature_position":"","_kad_post_header":false,"_kad_post_footer":false,"_kad_post_classname":"","footnotes":""},"class_list":["post-1897","page","type-page","status-publish","hentry"],"taxonomy_info":[],"featured_image_src_large":false,"author_info":{"display_name":"admin","author_link":"https:\/\/www.oilpressing.org\/tr\/author\/admin"},"comment_info":0,"_links":{"self":[{"href":"https:\/\/www.oilpressing.org\/tr\/wp-json\/wp\/v2\/pages\/1897","targetHints":{"allow":["GET"]}}],"collection":[{"href":"https:\/\/www.oilpressing.org\/tr\/wp-json\/wp\/v2\/pages"}],"about":[{"href":"https:\/\/www.oilpressing.org\/tr\/wp-json\/wp\/v2\/types\/page"}],"author":[{"embeddable":true,"href":"https:\/\/www.oilpressing.org\/tr\/wp-json\/wp\/v2\/users\/1"}],"replies":[{"embeddable":true,"href":"https:\/\/www.oilpressing.org\/tr\/wp-json\/wp\/v2\/comments?post=1897"}],"version-history":[{"count":1,"href":"https:\/\/www.oilpressing.org\/tr\/wp-json\/wp\/v2\/pages\/1897\/revisions"}],"predecessor-version":[{"id":7198,"href":"https:\/\/www.oilpressing.org\/tr\/wp-json\/wp\/v2\/pages\/1897\/revisions\/7198"}],"wp:attachment":[{"href":"https:\/\/www.oilpressing.org\/tr\/wp-json\/wp\/v2\/media?parent=1897"}],"curies":[{"name":"wp","href":"https:\/\/api.w.org\/{rel}","templated":true}]}}