{"id":1897,"date":"2021-12-08T10:34:25","date_gmt":"2021-12-08T10:34:25","guid":{"rendered":"https:\/\/www.oilpressing.org\/?page_id=1897"},"modified":"2026-04-16T15:26:51","modified_gmt":"2026-04-16T07:26:51","slug":"about-us","status":"publish","type":"page","link":"https:\/\/www.oilpressing.org\/pt\/about-us","title":{"rendered":"Sobre n\u00f3s"},"content":{"rendered":"<p>Bem-vindo \u00e0 Taizy Home, um fabricante profissional de m\u00e1quinas de prensagem de \u00f3leo e equipamentos de processamento agr\u00edcola com sede na China. Desde a nossa cria\u00e7\u00e3o, temos-nos dedicado a fornecer equipamentos de prensagem de \u00f3leo de alta qualidade e um servi\u00e7o excecional aos nossos valiosos clientes em todo o mundo. Com a nossa experi\u00eancia, inova\u00e7\u00e3o e compromisso com a satisfa\u00e7\u00e3o do cliente, conquist\u00e1mos reconhecimento como fornecedor de confian\u00e7a na ind\u00fastria de m\u00e1quinas agr\u00edcolas.<\/p>    <figure class=\"wp-block-image size-full is-resized\"><img loading=\"lazy\" decoding=\"async\" width=\"400\" height=\"167\" src=\"https:\/\/www.oilpressing.org\/wp-content\/uploads\/2021\/12\/admin-ajax.jpg\" alt=\"\" class=\"wp-image-1900\" style=\"width:397px;height:166px\" title=\"\" srcset=\"https:\/\/www.oilpressing.org\/wp-content\/uploads\/2021\/12\/admin-ajax.jpg 400w, https:\/\/www.oilpressing.org\/wp-content\/uploads\/2021\/12\/admin-ajax-300x125.jpg 300w\" sizes=\"auto, (max-width: 400px) 100vw, 400px\" \/><\/figure>    <h2 class=\"wp-block-heading\"><strong>Nossos principais produtos e mercado<\/strong><\/h2>    <p>Os nossos principais produtos incluem torradores de sementes, prensas de \u00f3leo, filtros de \u00f3leo, equipamentos para \u00f3leo refinado, linhas de produ\u00e7\u00e3o de \u00f3leo, etc. Nos \u00faltimos anos, os nossos produtos t\u00eam gozado de grande popularidade nos mercados de \u00c1frica e Sudeste Asi\u00e1tico, como Nig\u00e9ria, Qu\u00e9nia, \u00c1frica do Sul, Gana, Congo, Eti\u00f3pia, Nam\u00edbia, Marrocos, Botsuana, Zimb\u00e1bue, Uganda, Arg\u00e9lia, Camar\u00f5es.<\/p>    <figure class=\"wp-block-gallery has-nested-images columns-default is-cropped wp-block-gallery-2 is-layout-flex wp-block-gallery-is-layout-flex\"> <figure class=\"wp-block-image size-large\"><img loading=\"lazy\" decoding=\"async\" width=\"720\" height=\"540\" data-id=\"2770\" src=\"https:\/\/www.oilpressing.org\/wp-content\/uploads\/2022\/06\/pepper-oil-making-machine.jpg\" alt=\"m\u00e1quina de fazer \u00f3leo\" class=\"wp-image-2770\" title=\"\"><figcaption class=\"wp-element-caption\">M\u00e1quina de Produ\u00e7\u00e3o de \u00d3leo<\/figcaption><\/figure>    <figure class=\"wp-block-image size-large\"><img loading=\"lazy\" decoding=\"async\" width=\"720\" height=\"540\" data-id=\"2750\" src=\"https:\/\/www.oilpressing.org\/wp-content\/uploads\/2022\/06\/screw-castor-oil-press-machine.jpg\" alt=\"m\u00e1quina de prensa de \u00f3leo de mamona de parafuso\" class=\"wp-image-2750\" title=\"\"><figcaption class=\"wp-element-caption\">M\u00e1quina de prensa de \u00f3leo de mamona de parafuso<\/figcaption><\/figure>    <figure class=\"wp-block-image size-large\"><img loading=\"lazy\" decoding=\"async\" width=\"720\" height=\"540\" data-id=\"2749\" src=\"https:\/\/www.oilpressing.org\/wp-content\/uploads\/2022\/06\/hydraulic-castor-oil-machines.jpg\" alt=\"m\u00e1quinas de azeite de oliva hidr\u00e1ulicas\" class=\"wp-image-2749\" title=\"\"><figcaption class=\"wp-element-caption\">M\u00e1quinas de \u00d3leo de Pimenta Hidr\u00e1ulico<\/figcaption><\/figure> <\/figure>    <h2 class=\"wp-block-heading\"><strong>Excel\u00eancia Tecnol\u00f3gica<\/strong><\/h2>    <p>Na Taizy Home, orgulhamo-nos da nossa excel\u00eancia tecnol\u00f3gica. A nossa equipa de engenheiros e t\u00e9cnicos qualificados mant\u00e9m-se na vanguarda dos avan\u00e7os da ind\u00fastria para garantir que as nossas m\u00e1quinas de prensagem de \u00f3leo s\u00e3o constru\u00eddas com tecnologia de ponta. Investimos constantemente em investiga\u00e7\u00e3o e desenvolvimento, permitindo-nos oferecer solu\u00e7\u00f5es de \u00faltima gera\u00e7\u00e3o que respondem \u00e0s necessidades em evolu\u00e7\u00e3o do mercado de produ\u00e7\u00e3o de \u00f3leo. Ao abra\u00e7ar a inova\u00e7\u00e3o, entregamos consistentemente m\u00e1quinas de alto desempenho que maximizam o rendimento de \u00f3leo, a efici\u00eancia e a produtividade.<\/p>    <figure class=\"wp-block-gallery has-nested-images columns-default is-cropped wp-block-gallery-3 is-layout-flex wp-block-gallery-is-layout-flex\"> <figure class=\"wp-block-image size-large\"><img loading=\"lazy\" decoding=\"async\" width=\"720\" height=\"540\" data-id=\"7086\" src=\"https:\/\/www.oilpressing.org\/wp-content\/uploads\/2026\/01\/Filter-screen.webp\" alt=\"Tela de filtro\" class=\"wp-image-7086\" title=\"\" srcset=\"https:\/\/www.oilpressing.org\/wp-content\/uploads\/2026\/01\/Filter-screen.webp 720w, https:\/\/www.oilpressing.org\/wp-content\/uploads\/2026\/01\/Filter-screen-300x225.webp 300w, https:\/\/www.oilpressing.org\/wp-content\/uploads\/2026\/01\/Filter-screen-16x12.webp 16w\" sizes=\"auto, (max-width: 720px) 100vw, 720px\" \/><figcaption class=\"wp-element-caption\">Tela de Filtro<\/figcaption><\/figure>    <figure class=\"wp-block-image size-large\"><img loading=\"lazy\" decoding=\"async\" width=\"720\" height=\"540\" data-id=\"6817\" src=\"https:\/\/www.oilpressing.org\/wp-content\/uploads\/2025\/07\/Strips-of-inconsistent-width.webp\" alt=\"Tiras de largura inconsistente\" class=\"wp-image-6817\" title=\"\" srcset=\"https:\/\/www.oilpressing.org\/wp-content\/uploads\/2025\/07\/Strips-of-inconsistent-width.webp 720w, https:\/\/www.oilpressing.org\/wp-content\/uploads\/2025\/07\/Strips-of-inconsistent-width-300x225.webp 300w, https:\/\/www.oilpressing.org\/wp-content\/uploads\/2025\/07\/Strips-of-inconsistent-width-16x12.webp 16w\" sizes=\"auto, (max-width: 720px) 100vw, 720px\" \/><figcaption class=\"wp-element-caption\">Tiras de Largura Inconsistente<\/figcaption><\/figure>    <figure class=\"wp-block-image size-large\"><img loading=\"lazy\" decoding=\"async\" width=\"720\" height=\"540\" data-id=\"6776\" src=\"https:\/\/www.oilpressing.org\/wp-content\/uploads\/2018\/11\/control-cabinets.webp\" alt=\"arm\u00e1rios de controle\" class=\"wp-image-6776\" title=\"\" srcset=\"https:\/\/www.oilpressing.org\/wp-content\/uploads\/2018\/11\/control-cabinets.webp 720w, https:\/\/www.oilpressing.org\/wp-content\/uploads\/2018\/11\/control-cabinets-300x225.webp 300w, https:\/\/www.oilpressing.org\/wp-content\/uploads\/2018\/11\/control-cabinets-16x12.webp 16w\" sizes=\"auto, (max-width: 720px) 100vw, 720px\" \/><figcaption class=\"wp-element-caption\">Arm\u00e1rios de Controlo<\/figcaption><\/figure> <\/figure>    <h2 class=\"wp-block-heading\"><strong>Presen\u00e7a Global<\/strong><\/h2>    <p>Ao longo dos anos, as nossas m\u00e1quinas de prensagem de \u00f3leo e equipamentos de processamento relacionados ganharam popularidade em todo o mundo. Export\u00e1mos com sucesso os nossos produtos para mais de 20 pa\u00edses e regi\u00f5es, conquistando a confian\u00e7a e lealdade de clientes a n\u00edvel global. O nosso compromisso em fornecer qualidade superior e fiabilidade permitiu-nos estabelecer parcerias de longo prazo com clientes que confiam em n\u00f3s para as suas necessidades de maquinaria de produ\u00e7\u00e3o de \u00f3leo. Independentemente da sua localiza\u00e7\u00e3o, estamos dedicados a servi-lo com excel\u00eancia e profissionalismo.<\/p>    <figure class=\"wp-block-gallery has-nested-images columns-default is-cropped wp-block-gallery-4 is-layout-flex wp-block-gallery-is-layout-flex\"> <figure class=\"wp-block-image size-large\"><img loading=\"lazy\" decoding=\"async\" width=\"720\" height=\"540\" data-id=\"6997\" src=\"https:\/\/www.oilpressing.org\/wp-content\/uploads\/2025\/09\/Hydraulic-Oil-Press-Packing.webp\" alt=\"Embalagem da Prensa de \u00d3leo Hidr\u00e1ulico\" class=\"wp-image-6997\" title=\"\" srcset=\"https:\/\/www.oilpressing.org\/wp-content\/uploads\/2025\/09\/Hydraulic-Oil-Press-Packing.webp 720w, https:\/\/www.oilpressing.org\/wp-content\/uploads\/2025\/09\/Hydraulic-Oil-Press-Packing-300x225.webp 300w, https:\/\/www.oilpressing.org\/wp-content\/uploads\/2025\/09\/Hydraulic-Oil-Press-Packing-16x12.webp 16w\" sizes=\"auto, (max-width: 720px) 100vw, 720px\" \/><figcaption class=\"wp-element-caption\">Embalagem da Prensa de \u00d3leo Hidr\u00e1ulico<\/figcaption><\/figure>    <figure class=\"wp-block-image size-large\"><img loading=\"lazy\" decoding=\"async\" width=\"720\" height=\"540\" data-id=\"6973\" src=\"https:\/\/www.oilpressing.org\/wp-content\/uploads\/2025\/09\/Successful-departure.webp\" alt=\"Partida bem-sucedida\" class=\"wp-image-6973\" title=\"\" srcset=\"https:\/\/www.oilpressing.org\/wp-content\/uploads\/2025\/09\/Successful-departure.webp 720w, https:\/\/www.oilpressing.org\/wp-content\/uploads\/2025\/09\/Successful-departure-300x225.webp 300w, https:\/\/www.oilpressing.org\/wp-content\/uploads\/2025\/09\/Successful-departure-16x12.webp 16w\" sizes=\"auto, (max-width: 720px) 100vw, 720px\" \/><figcaption class=\"wp-element-caption\">Partida bem-sucedida<\/figcaption><\/figure>    <figure class=\"wp-block-image size-large\"><img loading=\"lazy\" decoding=\"async\" width=\"720\" height=\"540\" data-id=\"6995\" src=\"https:\/\/www.oilpressing.org\/wp-content\/uploads\/2025\/09\/Hydraulic-Oil-Press-Loading-into-Container.webp\" alt=\"Carregamento da Prensa Hidr\u00e1ulica de \u00d3leo em Contentor\" class=\"wp-image-6995\" title=\"\" srcset=\"https:\/\/www.oilpressing.org\/wp-content\/uploads\/2025\/09\/Hydraulic-Oil-Press-Loading-into-Container.webp 720w, https:\/\/www.oilpressing.org\/wp-content\/uploads\/2025\/09\/Hydraulic-Oil-Press-Loading-into-Container-300x225.webp 300w, https:\/\/www.oilpressing.org\/wp-content\/uploads\/2025\/09\/Hydraulic-Oil-Press-Loading-into-Container-16x12.webp 16w\" sizes=\"auto, (max-width: 720px) 100vw, 720px\" \/><figcaption class=\"wp-element-caption\">Carregamento da Prensa Hidr\u00e1ulica para o Cont\u00eainer<\/figcaption><\/figure> <\/figure>    <h2 class=\"wp-block-heading\"><strong>Servi\u00e7os de Personaliza\u00e7\u00e3o<\/strong><\/h2>    <p>Compreendemos que cada cliente tem requisitos \u00fanicos. Por isso oferecemos servi\u00e7os abrangentes de personaliza\u00e7\u00e3o para adaptar as nossas m\u00e1quinas de prensagem de \u00f3leo \u00e0s suas necessidades espec\u00edficas. A nossa equipa experiente trabalha em estreita colabora\u00e7\u00e3o consigo para entender a sua capacidade de produ\u00e7\u00e3o, tipos de mat\u00e9rias-primas, limita\u00e7\u00f5es de espa\u00e7o e restri\u00e7\u00f5es or\u00e7amentais. Com essa informa\u00e7\u00e3o, projetamos e fabricamos m\u00e1quinas que cumprem precisamente as suas especifica\u00e7\u00f5es. Quer precise de modifica\u00e7\u00f5es a um modelo existente ou de uma solu\u00e7\u00e3o integrada totalmente nova para produ\u00e7\u00e3o de \u00f3leo, estamos aqui para transformar a sua vis\u00e3o em realidade.<\/p>    <figure class=\"wp-block-gallery has-nested-images columns-default is-cropped wp-block-gallery-5 is-layout-flex wp-block-gallery-is-layout-flex\"> <figure class=\"wp-block-image size-large\"><img loading=\"lazy\" decoding=\"async\" width=\"720\" height=\"540\" data-id=\"7115\" src=\"https:\/\/www.oilpressing.org\/wp-content\/uploads\/2026\/03\/oil-filling-equipment.webp\" alt=\"oil filling equipment\" class=\"wp-image-7115\" title=\"\" srcset=\"https:\/\/www.oilpressing.org\/wp-content\/uploads\/2026\/03\/oil-filling-equipment.webp 720w, https:\/\/www.oilpressing.org\/wp-content\/uploads\/2026\/03\/oil-filling-equipment-300x225.webp 300w, https:\/\/www.oilpressing.org\/wp-content\/uploads\/2026\/03\/oil-filling-equipment-16x12.webp 16w\" sizes=\"auto, (max-width: 720px) 100vw, 720px\" \/><figcaption class=\"wp-element-caption\">Equipamento de enchimento de \u00f3leo<\/figcaption><\/figure>    <figure class=\"wp-block-image size-large\"><img loading=\"lazy\" decoding=\"async\" width=\"720\" height=\"540\" data-id=\"6898\" src=\"https:\/\/www.oilpressing.org\/wp-content\/uploads\/2025\/07\/Peanut-Roasters-Inventory-1.webp\" alt=\"Invent\u00e1rio de torradores de sementes de girassol\" class=\"wp-image-6898\" title=\"\" srcset=\"https:\/\/www.oilpressing.org\/wp-content\/uploads\/2025\/07\/Peanut-Roasters-Inventory-1.webp 720w, https:\/\/www.oilpressing.org\/wp-content\/uploads\/2025\/07\/Peanut-Roasters-Inventory-1-300x225.webp 300w, https:\/\/www.oilpressing.org\/wp-content\/uploads\/2025\/07\/Peanut-Roasters-Inventory-1-16x12.webp 16w\" sizes=\"auto, (max-width: 720px) 100vw, 720px\" \/><figcaption class=\"wp-element-caption\">Invent\u00e1rio de torradores de sementes de girassol<\/figcaption><\/figure>    <figure class=\"wp-block-image size-large\"><img loading=\"lazy\" decoding=\"async\" width=\"720\" height=\"540\" data-id=\"6893\" src=\"https:\/\/www.oilpressing.org\/wp-content\/uploads\/2025\/07\/Three-cylinder-sesame-seed-roaster.webp\" alt=\"Torrador de sementes de girassol de tr\u00eas cilindros\" class=\"wp-image-6893\" title=\"\" srcset=\"https:\/\/www.oilpressing.org\/wp-content\/uploads\/2025\/07\/Three-cylinder-sesame-seed-roaster.webp 720w, https:\/\/www.oilpressing.org\/wp-content\/uploads\/2025\/07\/Three-cylinder-sesame-seed-roaster-300x225.webp 300w, https:\/\/www.oilpressing.org\/wp-content\/uploads\/2025\/07\/Three-cylinder-sesame-seed-roaster-16x12.webp 16w\" sizes=\"auto, (max-width: 720px) 100vw, 720px\" \/><figcaption class=\"wp-element-caption\">Torrador de sementes de girassol de tr\u00eas cilindros<\/figcaption><\/figure> <\/figure>    <h2 class=\"wp-block-heading\"><strong>Garantia de Qualidade<\/strong><\/h2>    <p>A qualidade \u00e9 a nossa principal prioridade na Taizy Home. Cumprimos medidas rigorosas de controlo de qualidade ao longo de todo o processo de fabrico, garantindo que cada m\u00e1quina que sai da nossa unidade cumpre os mais elevados padr\u00f5es. Obtemos materiais de primeira qualidade junto de fornecedores fi\u00e1veis e empregamos t\u00e9cnicas de fabrico avan\u00e7adas para criar equipamentos robustos e duradouros. O nosso compromisso com a qualidade estende-se a procedimentos rigorosos de teste e inspe\u00e7\u00e3o, garantindo o desempenho, seguran\u00e7a e longevidade das nossas m\u00e1quinas de prensagem de \u00f3leo.<\/p>    <figure class=\"wp-block-gallery has-nested-images columns-default is-cropped wp-block-gallery-6 is-layout-flex wp-block-gallery-is-layout-flex\"> <figure class=\"wp-block-image size-large\"><img loading=\"lazy\" decoding=\"async\" width=\"540\" height=\"720\" data-id=\"6816\" src=\"https:\/\/www.oilpressing.org\/wp-content\/uploads\/2025\/07\/Stainless-steel-oil-catch-tank.webp\" alt=\"Tanque de captura de \u00f3leo em a\u00e7o inoxid\u00e1vel\" class=\"wp-image-6816\" title=\"\" srcset=\"https:\/\/www.oilpressing.org\/wp-content\/uploads\/2025\/07\/Stainless-steel-oil-catch-tank.webp 540w, https:\/\/www.oilpressing.org\/wp-content\/uploads\/2025\/07\/Stainless-steel-oil-catch-tank-225x300.webp 225w, https:\/\/www.oilpressing.org\/wp-content\/uploads\/2025\/07\/Stainless-steel-oil-catch-tank-9x12.webp 9w\" sizes=\"auto, (max-width: 540px) 100vw, 540px\" \/><figcaption class=\"wp-element-caption\">Tanque de Captura de \u00d3leo em A\u00e7o Inoxid\u00e1vel<\/figcaption><\/figure>    <figure class=\"wp-block-image size-large\"><img loading=\"lazy\" decoding=\"async\" width=\"540\" height=\"720\" data-id=\"6785\" src=\"https:\/\/www.oilpressing.org\/wp-content\/uploads\/2018\/11\/hopper.webp\" alt=\"tremonha\" class=\"wp-image-6785\" title=\"\" srcset=\"https:\/\/www.oilpressing.org\/wp-content\/uploads\/2018\/11\/hopper.webp 540w, https:\/\/www.oilpressing.org\/wp-content\/uploads\/2018\/11\/hopper-225x300.webp 225w, https:\/\/www.oilpressing.org\/wp-content\/uploads\/2018\/11\/hopper-9x12.webp 9w\" sizes=\"auto, (max-width: 540px) 100vw, 540px\" \/><figcaption class=\"wp-element-caption\">Tremonha<\/figcaption><\/figure>    <figure class=\"wp-block-image size-large\"><img loading=\"lazy\" decoding=\"async\" width=\"540\" height=\"720\" data-id=\"6777\" src=\"https:\/\/www.oilpressing.org\/wp-content\/uploads\/2018\/11\/adjusting-handle.webp\" alt=\"man\u00edpulo de ajuste\" class=\"wp-image-6777\" title=\"\" srcset=\"https:\/\/www.oilpressing.org\/wp-content\/uploads\/2018\/11\/adjusting-handle.webp 540w, https:\/\/www.oilpressing.org\/wp-content\/uploads\/2018\/11\/adjusting-handle-225x300.webp 225w, https:\/\/www.oilpressing.org\/wp-content\/uploads\/2018\/11\/adjusting-handle-9x12.webp 9w\" sizes=\"auto, (max-width: 540px) 100vw, 540px\" \/><figcaption class=\"wp-element-caption\">Man\u00edpulo de Ajuste<\/figcaption><\/figure> <\/figure>    <h2 class=\"wp-block-heading\"><strong>Apoio ao Cliente<\/strong><\/h2>    <p>Na Taizy Home, acreditamos em proporcionar um suporte ao cliente excecional. A nossa equipa dedicada est\u00e1 sempre dispon\u00edvel para responder \u00e0s suas quest\u00f5es, oferecer assist\u00eancia t\u00e9cnica e fornecer solu\u00e7\u00f5es atempadas para quaisquer preocupa\u00e7\u00f5es que possa ter. Valorizamos a satisfa\u00e7\u00e3o dos nossos clientes e esfor\u00e7amo-nos por superar as suas expectativas em cada etapa do processo. Desde a consulta inicial at\u00e9 ao apoio p\u00f3s-venda, comprometemo-nos a construir rela\u00e7\u00f5es duradouras baseadas na confian\u00e7a, transpar\u00eancia e fiabilidade.<\/p>    <figure class=\"wp-block-gallery has-nested-images columns-default is-cropped wp-block-gallery-7 is-layout-flex wp-block-gallery-is-layout-flex\"> <figure class=\"wp-block-image size-large\"><img loading=\"lazy\" decoding=\"async\" width=\"540\" height=\"720\" data-id=\"7170\" src=\"https:\/\/www.oilpressing.org\/wp-content\/uploads\/2026\/04\/Pakistan-Oil-Press-Machine.webp\" alt=\"Visit by Pakistani Clients\" class=\"wp-image-7170\" title=\"\" srcset=\"https:\/\/www.oilpressing.org\/wp-content\/uploads\/2026\/04\/Pakistan-Oil-Press-Machine.webp 540w, https:\/\/www.oilpressing.org\/wp-content\/uploads\/2026\/04\/Pakistan-Oil-Press-Machine-225x300.webp 225w, https:\/\/www.oilpressing.org\/wp-content\/uploads\/2026\/04\/Pakistan-Oil-Press-Machine-9x12.webp 9w\" sizes=\"auto, (max-width: 540px) 100vw, 540px\" \/><figcaption class=\"wp-element-caption\">Visita de clientes paquistaneses<\/figcaption><\/figure>    <figure class=\"wp-block-image size-large\"><img loading=\"lazy\" decoding=\"async\" width=\"540\" height=\"720\" data-id=\"7163\" src=\"https:\/\/www.oilpressing.org\/wp-content\/uploads\/2026\/04\/Japan-Packaging-Machine.webp\" alt=\"Visit by Japanese Clients\" class=\"wp-image-7163\" title=\"\" srcset=\"https:\/\/www.oilpressing.org\/wp-content\/uploads\/2026\/04\/Japan-Packaging-Machine.webp 540w, https:\/\/www.oilpressing.org\/wp-content\/uploads\/2026\/04\/Japan-Packaging-Machine-225x300.webp 225w, https:\/\/www.oilpressing.org\/wp-content\/uploads\/2026\/04\/Japan-Packaging-Machine-9x12.webp 9w\" sizes=\"auto, (max-width: 540px) 100vw, 540px\" \/><figcaption class=\"wp-element-caption\">Visita de clientes japoneses<\/figcaption><\/figure>    <figure class=\"wp-block-image size-large\"><img loading=\"lazy\" decoding=\"async\" width=\"540\" height=\"720\" data-id=\"7184\" src=\"https:\/\/www.oilpressing.org\/wp-content\/uploads\/2026\/04\/Tanzania-Filling-Production-Line.webp\" alt=\"Tanz\u00e2nia visitou linha de produ\u00e7\u00e3o de enchimento\" class=\"wp-image-7184\" title=\"\" srcset=\"https:\/\/www.oilpressing.org\/wp-content\/uploads\/2026\/04\/Tanzania-Filling-Production-Line.webp 540w, https:\/\/www.oilpressing.org\/wp-content\/uploads\/2026\/04\/Tanzania-Filling-Production-Line-225x300.webp 225w, https:\/\/www.oilpressing.org\/wp-content\/uploads\/2026\/04\/Tanzania-Filling-Production-Line-9x12.webp 9w\" sizes=\"auto, (max-width: 540px) 100vw, 540px\" \/><figcaption class=\"wp-element-caption\">Tanz\u00e2nia visitou linha de produ\u00e7\u00e3o de enchimento<\/figcaption><\/figure> <\/figure>    <h2 class=\"wp-block-heading\"><strong>Por que escolher a Taizy?<\/strong><\/h2>    <p>Como uma empresa consciente do ambiente, priorizamos a sustentabilidade nas nossas opera\u00e7\u00f5es. As nossas m\u00e1quinas de prensagem de \u00f3leo s\u00e3o concebidas para maximizar a efici\u00eancia energ\u00e9tica, reduzir res\u00edduos e otimizar a utiliza\u00e7\u00e3o de recursos, contribuindo para um futuro mais verde e sustent\u00e1vel no processamento agr\u00edcola. Comprometemo-nos a adoptar pr\u00e1ticas ecol\u00f3gicas, reduzir a nossa pegada de carbono e promover processos de fabrico respons\u00e1veis.<\/p>    <p>Quando se trata de m\u00e1quinas de prensagem de \u00f3leo e solu\u00e7\u00f5es de processamento agr\u00edcola, escolha a Taizy Home como seu parceiro de confian\u00e7a. Com a nossa excel\u00eancia tecnol\u00f3gica, presen\u00e7a global, servi\u00e7os de personaliza\u00e7\u00e3o, garantia de qualidade, apoio ao cliente e compromisso com a sustentabilidade, somos a escolha ideal para as suas necessidades de produ\u00e7\u00e3o de \u00f3leo. Junte-se \u00e0 nossa lista crescente de clientes satisfeitos e experimente a fiabilidade e desempenho que nos distingue da concorr\u00eancia.<\/p>    <p>Contacte-nos hoje para discutir os seus requisitos e deixe-nos ajud\u00e1-lo a encontrar a solu\u00e7\u00e3o perfeita para as suas necessidades de produ\u00e7\u00e3o de \u00f3leo comest\u00edvel.<\/p>","protected":false},"excerpt":{"rendered":"<p>Welcome to Taizy Home, a professional manufacturer of oil pressing machinery and agricultural processing equipment based in China. Since our establishment, we have been dedicated to delivering top-quality oil-pressing equipment and exceptional service to our valued customers worldwide. With our expertise, innovation, and commitment to customer satisfaction, we have gained recognition as a trusted supplier&#8230;<\/p>","protected":false},"author":1,"featured_media":0,"parent":0,"menu_order":0,"comment_status":"closed","ping_status":"closed","template":"","meta":{"_kad_blocks_custom_css":"","_kad_blocks_head_custom_js":"","_kad_blocks_body_custom_js":"","_kad_blocks_footer_custom_js":"","_kad_post_transparent":"","_kad_post_title":"","_kad_post_layout":"","_kad_post_sidebar_id":"","_kad_post_content_style":"","_kad_post_vertical_padding":"","_kad_post_feature":"","_kad_post_feature_position":"","_kad_post_header":false,"_kad_post_footer":false,"_kad_post_classname":"","footnotes":""},"class_list":["post-1897","page","type-page","status-publish","hentry"],"taxonomy_info":[],"featured_image_src_large":false,"author_info":{"display_name":"admin","author_link":"https:\/\/www.oilpressing.org\/pt\/author\/admin"},"comment_info":0,"_links":{"self":[{"href":"https:\/\/www.oilpressing.org\/pt\/wp-json\/wp\/v2\/pages\/1897","targetHints":{"allow":["GET"]}}],"collection":[{"href":"https:\/\/www.oilpressing.org\/pt\/wp-json\/wp\/v2\/pages"}],"about":[{"href":"https:\/\/www.oilpressing.org\/pt\/wp-json\/wp\/v2\/types\/page"}],"author":[{"embeddable":true,"href":"https:\/\/www.oilpressing.org\/pt\/wp-json\/wp\/v2\/users\/1"}],"replies":[{"embeddable":true,"href":"https:\/\/www.oilpressing.org\/pt\/wp-json\/wp\/v2\/comments?post=1897"}],"version-history":[{"count":1,"href":"https:\/\/www.oilpressing.org\/pt\/wp-json\/wp\/v2\/pages\/1897\/revisions"}],"predecessor-version":[{"id":7198,"href":"https:\/\/www.oilpressing.org\/pt\/wp-json\/wp\/v2\/pages\/1897\/revisions\/7198"}],"wp:attachment":[{"href":"https:\/\/www.oilpressing.org\/pt\/wp-json\/wp\/v2\/media?parent=1897"}],"curies":[{"name":"wp","href":"https:\/\/api.w.org\/{rel}","templated":true}]}}