{"id":1897,"date":"2021-12-08T10:34:25","date_gmt":"2021-12-08T10:34:25","guid":{"rendered":"https:\/\/www.oilpressing.org\/?page_id=1897"},"modified":"2026-04-16T15:26:51","modified_gmt":"2026-04-16T07:26:51","slug":"about-us","status":"publish","type":"page","link":"https:\/\/www.oilpressing.org\/es\/about-us","title":{"rendered":"Sobre nosotros"},"content":{"rendered":"<p>Bienvenido a Taizy Home, un fabricante profesional de maquinaria de prensado de aceite y equipos de procesamiento agr\u00edcola con sede en China. Desde nuestro establecimiento, nos hemos dedicado a ofrecer equipos de prensado de aceite de la m\u00e1s alta calidad y un servicio excepcional a nuestros valiosos clientes en todo el mundo. Con nuestra experiencia, innovaci\u00f3n y compromiso con la satisfacci\u00f3n del cliente, hemos obtenido reconocimiento como un proveedor confiable en la industria de maquinaria agr\u00edcola.<\/p>    <figure class=\"wp-block-image size-full is-resized\"><img loading=\"lazy\" decoding=\"async\" width=\"400\" height=\"167\" src=\"https:\/\/www.oilpressing.org\/wp-content\/uploads\/2021\/12\/admin-ajax.jpg\" alt=\"\" class=\"wp-image-1900\" style=\"width:397px;height:166px\" title=\"\" srcset=\"https:\/\/www.oilpressing.org\/wp-content\/uploads\/2021\/12\/admin-ajax.jpg 400w, https:\/\/www.oilpressing.org\/wp-content\/uploads\/2021\/12\/admin-ajax-300x125.jpg 300w\" sizes=\"auto, (max-width: 400px) 100vw, 400px\" \/><\/figure>    <h2 class=\"wp-block-heading\"><strong>Nuestros principales productos y mercado.<\/strong><\/h2>    <p>Nuestros principales productos incluyen tostadores de semillas, prensas de aceite, filtros de aceite, equipos de aceite refinado, l\u00edneas de producci\u00f3n de aceite, etc. En los \u00faltimos a\u00f1os, nuestros productos han gozado de gran popularidad en los mercados de \u00c1frica y el Sudeste Asi\u00e1tico, como Nigeria, Kenia, Sud\u00e1frica, Ghana, Congo, Etiop\u00eda, Namibia, Marruecos, Botsuana, Zimbabue, Uganda, Argelia, Camer\u00fan.<\/p>    <figure class=\"wp-block-gallery has-nested-images columns-default is-cropped wp-block-gallery-2 is-layout-flex wp-block-gallery-is-layout-flex\"> <figure class=\"wp-block-image size-large\"><img loading=\"lazy\" decoding=\"async\" width=\"720\" height=\"540\" data-id=\"2770\" src=\"https:\/\/www.oilpressing.org\/wp-content\/uploads\/2022\/06\/pepper-oil-making-machine.jpg\" alt=\"m\u00e1quina de fabricaci\u00f3n de aceite\" class=\"wp-image-2770\" title=\"\"><figcaption class=\"wp-element-caption\">M\u00e1quina de elaboraci\u00f3n de aceite<\/figcaption><\/figure>    <figure class=\"wp-block-image size-large\"><img loading=\"lazy\" decoding=\"async\" width=\"720\" height=\"540\" data-id=\"2750\" src=\"https:\/\/www.oilpressing.org\/wp-content\/uploads\/2022\/06\/screw-castor-oil-press-machine.jpg\" alt=\"m\u00e1quina de prensa de aceite de ricino de tornillo\" class=\"wp-image-2750\" title=\"\"><figcaption class=\"wp-element-caption\">M\u00e1quina de prensa de aceite de ricino de tornillo<\/figcaption><\/figure>    <figure class=\"wp-block-image size-large\"><img loading=\"lazy\" decoding=\"async\" width=\"720\" height=\"540\" data-id=\"2749\" src=\"https:\/\/www.oilpressing.org\/wp-content\/uploads\/2022\/06\/hydraulic-castor-oil-machines.jpg\" alt=\"m\u00e1quinas hidr\u00e1ulicas de aceite de oliva\" class=\"wp-image-2749\" title=\"\"><figcaption class=\"wp-element-caption\">M\u00e1quinas Hidr\u00e1ulicas de Aceite de Chile<\/figcaption><\/figure> <\/figure>    <h2 class=\"wp-block-heading\"><strong>Excelencia Tecnol\u00f3gica<\/strong><\/h2>    <p>En Taizy Home, nos enorgullece nuestra excelencia tecnol\u00f3gica. Nuestro equipo de ingenieros y t\u00e9cnicos especializados se mantiene a la vanguardia de los avances de la industria para garantizar que nuestras m\u00e1quinas de prensado de aceite se construyan con tecnolog\u00eda de punta. Invertimos constantemente en investigaci\u00f3n y desarrollo, lo que nos permite ofrecer soluciones de \u00faltima generaci\u00f3n que satisfacen las necesidades cambiantes del mercado de producci\u00f3n de aceite. Al adoptar la innovaci\u00f3n, entregamos constantemente maquinaria de alto rendimiento que maximiza el rendimiento del aceite, la eficiencia y la productividad.<\/p>    <figure class=\"wp-block-gallery has-nested-images columns-default is-cropped wp-block-gallery-3 is-layout-flex wp-block-gallery-is-layout-flex\"> <figure class=\"wp-block-image size-large\"><img loading=\"lazy\" decoding=\"async\" width=\"720\" height=\"540\" data-id=\"7086\" src=\"https:\/\/www.oilpressing.org\/wp-content\/uploads\/2026\/01\/Filter-screen.webp\" alt=\"Pantalla de filtro\" class=\"wp-image-7086\" title=\"\" srcset=\"https:\/\/www.oilpressing.org\/wp-content\/uploads\/2026\/01\/Filter-screen.webp 720w, https:\/\/www.oilpressing.org\/wp-content\/uploads\/2026\/01\/Filter-screen-300x225.webp 300w, https:\/\/www.oilpressing.org\/wp-content\/uploads\/2026\/01\/Filter-screen-16x12.webp 16w\" sizes=\"auto, (max-width: 720px) 100vw, 720px\" \/><figcaption class=\"wp-element-caption\">Pantalla de filtro<\/figcaption><\/figure>    <figure class=\"wp-block-image size-large\"><img loading=\"lazy\" decoding=\"async\" width=\"720\" height=\"540\" data-id=\"6817\" src=\"https:\/\/www.oilpressing.org\/wp-content\/uploads\/2025\/07\/Strips-of-inconsistent-width.webp\" alt=\"Tiras de ancho inconsistente\" class=\"wp-image-6817\" title=\"\" srcset=\"https:\/\/www.oilpressing.org\/wp-content\/uploads\/2025\/07\/Strips-of-inconsistent-width.webp 720w, https:\/\/www.oilpressing.org\/wp-content\/uploads\/2025\/07\/Strips-of-inconsistent-width-300x225.webp 300w, https:\/\/www.oilpressing.org\/wp-content\/uploads\/2025\/07\/Strips-of-inconsistent-width-16x12.webp 16w\" sizes=\"auto, (max-width: 720px) 100vw, 720px\" \/><figcaption class=\"wp-element-caption\">Tiras de ancho inconsistente<\/figcaption><\/figure>    <figure class=\"wp-block-image size-large\"><img loading=\"lazy\" decoding=\"async\" width=\"720\" height=\"540\" data-id=\"6776\" src=\"https:\/\/www.oilpressing.org\/wp-content\/uploads\/2018\/11\/control-cabinets.webp\" alt=\"armarios de control\" class=\"wp-image-6776\" title=\"\" srcset=\"https:\/\/www.oilpressing.org\/wp-content\/uploads\/2018\/11\/control-cabinets.webp 720w, https:\/\/www.oilpressing.org\/wp-content\/uploads\/2018\/11\/control-cabinets-300x225.webp 300w, https:\/\/www.oilpressing.org\/wp-content\/uploads\/2018\/11\/control-cabinets-16x12.webp 16w\" sizes=\"auto, (max-width: 720px) 100vw, 720px\" \/><figcaption class=\"wp-element-caption\">Armarios de Control<\/figcaption><\/figure> <\/figure>    <h2 class=\"wp-block-heading\"><strong>Presencia Global<\/strong><\/h2>    <p>A lo largo de los a\u00f1os, nuestras m\u00e1quinas de prensado de aceite y equipos de procesamiento relacionados han ganado popularidad en todo el mundo. Hemos exportado con \u00e9xito nuestros productos a m\u00e1s de 20 pa\u00edses y regiones, ganando la confianza y lealtad de clientes en todo el mundo. Nuestro compromiso con ofrecer calidad y fiabilidad superiores nos ha permitido establecer asociaciones a largo plazo con clientes que conf\u00edan en nosotros para sus necesidades de maquinaria de producci\u00f3n de aceite. Independientemente de su ubicaci\u00f3n, estamos dedicados a servirle con excelencia y profesionalismo.<\/p>    <figure class=\"wp-block-gallery has-nested-images columns-default is-cropped wp-block-gallery-4 is-layout-flex wp-block-gallery-is-layout-flex\"> <figure class=\"wp-block-image size-large\"><img loading=\"lazy\" decoding=\"async\" width=\"720\" height=\"540\" data-id=\"6997\" src=\"https:\/\/www.oilpressing.org\/wp-content\/uploads\/2025\/09\/Hydraulic-Oil-Press-Packing.webp\" alt=\"Empaque de la Prensa Hidr\u00e1ulica de Aceite\" class=\"wp-image-6997\" title=\"\" srcset=\"https:\/\/www.oilpressing.org\/wp-content\/uploads\/2025\/09\/Hydraulic-Oil-Press-Packing.webp 720w, https:\/\/www.oilpressing.org\/wp-content\/uploads\/2025\/09\/Hydraulic-Oil-Press-Packing-300x225.webp 300w, https:\/\/www.oilpressing.org\/wp-content\/uploads\/2025\/09\/Hydraulic-Oil-Press-Packing-16x12.webp 16w\" sizes=\"auto, (max-width: 720px) 100vw, 720px\" \/><figcaption class=\"wp-element-caption\">Empaque de la Prensa Hidr\u00e1ulica de Aceite<\/figcaption><\/figure>    <figure class=\"wp-block-image size-large\"><img loading=\"lazy\" decoding=\"async\" width=\"720\" height=\"540\" data-id=\"6973\" src=\"https:\/\/www.oilpressing.org\/wp-content\/uploads\/2025\/09\/Successful-departure.webp\" alt=\"Salida exitosa\" class=\"wp-image-6973\" title=\"\" srcset=\"https:\/\/www.oilpressing.org\/wp-content\/uploads\/2025\/09\/Successful-departure.webp 720w, https:\/\/www.oilpressing.org\/wp-content\/uploads\/2025\/09\/Successful-departure-300x225.webp 300w, https:\/\/www.oilpressing.org\/wp-content\/uploads\/2025\/09\/Successful-departure-16x12.webp 16w\" sizes=\"auto, (max-width: 720px) 100vw, 720px\" \/><figcaption class=\"wp-element-caption\">Salida Exitosa<\/figcaption><\/figure>    <figure class=\"wp-block-image size-large\"><img loading=\"lazy\" decoding=\"async\" width=\"720\" height=\"540\" data-id=\"6995\" src=\"https:\/\/www.oilpressing.org\/wp-content\/uploads\/2025\/09\/Hydraulic-Oil-Press-Loading-into-Container.webp\" alt=\"Carga de la Prensa Hidr\u00e1ulica de Aceite en Contenedor\" class=\"wp-image-6995\" title=\"\" srcset=\"https:\/\/www.oilpressing.org\/wp-content\/uploads\/2025\/09\/Hydraulic-Oil-Press-Loading-into-Container.webp 720w, https:\/\/www.oilpressing.org\/wp-content\/uploads\/2025\/09\/Hydraulic-Oil-Press-Loading-into-Container-300x225.webp 300w, https:\/\/www.oilpressing.org\/wp-content\/uploads\/2025\/09\/Hydraulic-Oil-Press-Loading-into-Container-16x12.webp 16w\" sizes=\"auto, (max-width: 720px) 100vw, 720px\" \/><figcaption class=\"wp-element-caption\">Carga de Aceite Hidr\u00e1ulico en Contenedor<\/figcaption><\/figure> <\/figure>    <h2 class=\"wp-block-heading\"><strong>Servicios de Personalizaci\u00f3n<\/strong><\/h2>    <p>Entendemos que cada cliente tiene requisitos \u00fanicos. Por eso ofrecemos servicios de personalizaci\u00f3n integrales para adaptar nuestras m\u00e1quinas de prensado de aceite a sus necesidades espec\u00edficas. Nuestro equipo experimentado trabaja estrechamente con usted para comprender su capacidad de producci\u00f3n, tipos de materias primas, limitaciones de espacio y restricciones presupuestarias. Con esta informaci\u00f3n, dise\u00f1amos y fabricamos m\u00e1quinas que cumplen exactamente con sus especificaciones. Ya sea que necesite modificaciones en un modelo existente o una soluci\u00f3n completamente nueva de producci\u00f3n de aceite integrada, estamos aqu\u00ed para convertir su visi\u00f3n en realidad.<\/p>    <figure class=\"wp-block-gallery has-nested-images columns-default is-cropped wp-block-gallery-5 is-layout-flex wp-block-gallery-is-layout-flex\"> <figure class=\"wp-block-image size-large\"><img loading=\"lazy\" decoding=\"async\" width=\"720\" height=\"540\" data-id=\"7115\" src=\"https:\/\/www.oilpressing.org\/wp-content\/uploads\/2026\/03\/oil-filling-equipment.webp\" alt=\"oil filling equipment\" class=\"wp-image-7115\" title=\"\" srcset=\"https:\/\/www.oilpressing.org\/wp-content\/uploads\/2026\/03\/oil-filling-equipment.webp 720w, https:\/\/www.oilpressing.org\/wp-content\/uploads\/2026\/03\/oil-filling-equipment-300x225.webp 300w, https:\/\/www.oilpressing.org\/wp-content\/uploads\/2026\/03\/oil-filling-equipment-16x12.webp 16w\" sizes=\"auto, (max-width: 720px) 100vw, 720px\" \/><figcaption class=\"wp-element-caption\">Equipo de llenado de aceite<\/figcaption><\/figure>    <figure class=\"wp-block-image size-large\"><img loading=\"lazy\" decoding=\"async\" width=\"720\" height=\"540\" data-id=\"6898\" src=\"https:\/\/www.oilpressing.org\/wp-content\/uploads\/2025\/07\/Peanut-Roasters-Inventory-1.webp\" alt=\"Inventario de tostadores de semillas de girasol\" class=\"wp-image-6898\" title=\"\" srcset=\"https:\/\/www.oilpressing.org\/wp-content\/uploads\/2025\/07\/Peanut-Roasters-Inventory-1.webp 720w, https:\/\/www.oilpressing.org\/wp-content\/uploads\/2025\/07\/Peanut-Roasters-Inventory-1-300x225.webp 300w, https:\/\/www.oilpressing.org\/wp-content\/uploads\/2025\/07\/Peanut-Roasters-Inventory-1-16x12.webp 16w\" sizes=\"auto, (max-width: 720px) 100vw, 720px\" \/><figcaption class=\"wp-element-caption\">Inventario de tostadores de semillas de girasol<\/figcaption><\/figure>    <figure class=\"wp-block-image size-large\"><img loading=\"lazy\" decoding=\"async\" width=\"720\" height=\"540\" data-id=\"6893\" src=\"https:\/\/www.oilpressing.org\/wp-content\/uploads\/2025\/07\/Three-cylinder-sesame-seed-roaster.webp\" alt=\"Tostador de semillas de girasol de tres cilindros\" class=\"wp-image-6893\" title=\"\" srcset=\"https:\/\/www.oilpressing.org\/wp-content\/uploads\/2025\/07\/Three-cylinder-sesame-seed-roaster.webp 720w, https:\/\/www.oilpressing.org\/wp-content\/uploads\/2025\/07\/Three-cylinder-sesame-seed-roaster-300x225.webp 300w, https:\/\/www.oilpressing.org\/wp-content\/uploads\/2025\/07\/Three-cylinder-sesame-seed-roaster-16x12.webp 16w\" sizes=\"auto, (max-width: 720px) 100vw, 720px\" \/><figcaption class=\"wp-element-caption\">Tostador de semillas de girasol de tres cilindros<\/figcaption><\/figure> <\/figure>    <h2 class=\"wp-block-heading\"><strong>Aseguramiento de Calidad<\/strong><\/h2>    <p>La calidad es nuestra m\u00e1xima prioridad en Taizy Home. Nos adherimos a estrictas medidas de control de calidad durante todo el proceso de fabricaci\u00f3n, asegurando que cada m\u00e1quina que sale de nuestras instalaciones cumpla con los est\u00e1ndares m\u00e1s altos. Obtenemos materiales de grado premium de proveedores confiables y empleamos t\u00e9cnicas de fabricaci\u00f3n avanzadas para crear equipos robustos y duraderos. Nuestro compromiso con la calidad se extiende a procedimientos rigurosos de prueba e inspecci\u00f3n, garantizando el rendimiento, la seguridad y la longevidad de nuestras m\u00e1quinas de prensado de aceite.<\/p>    <figure class=\"wp-block-gallery has-nested-images columns-default is-cropped wp-block-gallery-6 is-layout-flex wp-block-gallery-is-layout-flex\"> <figure class=\"wp-block-image size-large\"><img loading=\"lazy\" decoding=\"async\" width=\"540\" height=\"720\" data-id=\"6816\" src=\"https:\/\/www.oilpressing.org\/wp-content\/uploads\/2025\/07\/Stainless-steel-oil-catch-tank.webp\" alt=\"Tanque de recogida de aceite de acero inoxidable\" class=\"wp-image-6816\" title=\"\" srcset=\"https:\/\/www.oilpressing.org\/wp-content\/uploads\/2025\/07\/Stainless-steel-oil-catch-tank.webp 540w, https:\/\/www.oilpressing.org\/wp-content\/uploads\/2025\/07\/Stainless-steel-oil-catch-tank-225x300.webp 225w, https:\/\/www.oilpressing.org\/wp-content\/uploads\/2025\/07\/Stainless-steel-oil-catch-tank-9x12.webp 9w\" sizes=\"auto, (max-width: 540px) 100vw, 540px\" \/><figcaption class=\"wp-element-caption\">Tanque de recogida de aceite de acero inoxidable<\/figcaption><\/figure>    <figure class=\"wp-block-image size-large\"><img loading=\"lazy\" decoding=\"async\" width=\"540\" height=\"720\" data-id=\"6785\" src=\"https:\/\/www.oilpressing.org\/wp-content\/uploads\/2018\/11\/hopper.webp\" alt=\"cargador\" class=\"wp-image-6785\" title=\"\" srcset=\"https:\/\/www.oilpressing.org\/wp-content\/uploads\/2018\/11\/hopper.webp 540w, https:\/\/www.oilpressing.org\/wp-content\/uploads\/2018\/11\/hopper-225x300.webp 225w, https:\/\/www.oilpressing.org\/wp-content\/uploads\/2018\/11\/hopper-9x12.webp 9w\" sizes=\"auto, (max-width: 540px) 100vw, 540px\" \/><figcaption class=\"wp-element-caption\">Hopper<\/figcaption><\/figure>    <figure class=\"wp-block-image size-large\"><img loading=\"lazy\" decoding=\"async\" width=\"540\" height=\"720\" data-id=\"6777\" src=\"https:\/\/www.oilpressing.org\/wp-content\/uploads\/2018\/11\/adjusting-handle.webp\" alt=\"mango de ajuste\" class=\"wp-image-6777\" title=\"\" srcset=\"https:\/\/www.oilpressing.org\/wp-content\/uploads\/2018\/11\/adjusting-handle.webp 540w, https:\/\/www.oilpressing.org\/wp-content\/uploads\/2018\/11\/adjusting-handle-225x300.webp 225w, https:\/\/www.oilpressing.org\/wp-content\/uploads\/2018\/11\/adjusting-handle-9x12.webp 9w\" sizes=\"auto, (max-width: 540px) 100vw, 540px\" \/><figcaption class=\"wp-element-caption\">Ajuste del mango<\/figcaption><\/figure> <\/figure>    <h2 class=\"wp-block-heading\"><strong>Soporte al Cliente<\/strong><\/h2>    <p>En Taizy Home, creemos en brindar un soporte excepcional al cliente. Nuestro equipo dedicado siempre est\u00e1 disponible para atender sus consultas, ofrecer asistencia t\u00e9cnica y proporcionar soluciones oportunas a cualquier inquietud que pueda tener. Valoramos la satisfacci\u00f3n de nuestros clientes y nos esforzamos por superar sus expectativas en cada paso del proceso. Desde la consulta inicial hasta el soporte postventa, estamos comprometidos a construir relaciones duraderas basadas en la confianza, transparencia y fiabilidad.<\/p>    <figure class=\"wp-block-gallery has-nested-images columns-default is-cropped wp-block-gallery-7 is-layout-flex wp-block-gallery-is-layout-flex\"> <figure class=\"wp-block-image size-large\"><img loading=\"lazy\" decoding=\"async\" width=\"540\" height=\"720\" data-id=\"7170\" src=\"https:\/\/www.oilpressing.org\/wp-content\/uploads\/2026\/04\/Pakistan-Oil-Press-Machine.webp\" alt=\"Visit by Pakistani Clients\" class=\"wp-image-7170\" title=\"\" srcset=\"https:\/\/www.oilpressing.org\/wp-content\/uploads\/2026\/04\/Pakistan-Oil-Press-Machine.webp 540w, https:\/\/www.oilpressing.org\/wp-content\/uploads\/2026\/04\/Pakistan-Oil-Press-Machine-225x300.webp 225w, https:\/\/www.oilpressing.org\/wp-content\/uploads\/2026\/04\/Pakistan-Oil-Press-Machine-9x12.webp 9w\" sizes=\"auto, (max-width: 540px) 100vw, 540px\" \/><figcaption class=\"wp-element-caption\">Visita de clientes paquistan\u00edes<\/figcaption><\/figure>    <figure class=\"wp-block-image size-large\"><img loading=\"lazy\" decoding=\"async\" width=\"540\" height=\"720\" data-id=\"7163\" src=\"https:\/\/www.oilpressing.org\/wp-content\/uploads\/2026\/04\/Japan-Packaging-Machine.webp\" alt=\"Visit by Japanese Clients\" class=\"wp-image-7163\" title=\"\" srcset=\"https:\/\/www.oilpressing.org\/wp-content\/uploads\/2026\/04\/Japan-Packaging-Machine.webp 540w, https:\/\/www.oilpressing.org\/wp-content\/uploads\/2026\/04\/Japan-Packaging-Machine-225x300.webp 225w, https:\/\/www.oilpressing.org\/wp-content\/uploads\/2026\/04\/Japan-Packaging-Machine-9x12.webp 9w\" sizes=\"auto, (max-width: 540px) 100vw, 540px\" \/><figcaption class=\"wp-element-caption\">Visita de clientes japoneses<\/figcaption><\/figure>    <figure class=\"wp-block-image size-large\"><img loading=\"lazy\" decoding=\"async\" width=\"540\" height=\"720\" data-id=\"7184\" src=\"https:\/\/www.oilpressing.org\/wp-content\/uploads\/2026\/04\/Tanzania-Filling-Production-Line.webp\" alt=\"Tanzania visit\u00f3 la l\u00ednea de producci\u00f3n de llenado\" class=\"wp-image-7184\" title=\"\" srcset=\"https:\/\/www.oilpressing.org\/wp-content\/uploads\/2026\/04\/Tanzania-Filling-Production-Line.webp 540w, https:\/\/www.oilpressing.org\/wp-content\/uploads\/2026\/04\/Tanzania-Filling-Production-Line-225x300.webp 225w, https:\/\/www.oilpressing.org\/wp-content\/uploads\/2026\/04\/Tanzania-Filling-Production-Line-9x12.webp 9w\" sizes=\"auto, (max-width: 540px) 100vw, 540px\" \/><figcaption class=\"wp-element-caption\">Tanzania visit\u00f3 la l\u00ednea de producci\u00f3n de llenado<\/figcaption><\/figure> <\/figure>    <h2 class=\"wp-block-heading\"><strong>\u00bfPor qu\u00e9 elegir Taizy?<\/strong><\/h2>    <p>Como una empresa consciente del medio ambiente, priorizamos la sostenibilidad en nuestras operaciones. Nuestras m\u00e1quinas de prensado de aceite est\u00e1n dise\u00f1adas para maximizar la eficiencia energ\u00e9tica, reducir los residuos de residuos y optimizar la utilizaci\u00f3n de recursos, contribuyendo a un futuro m\u00e1s verde y sostenible para el procesamiento agr\u00edcola. Estamos comprometidos a adoptar pr\u00e1cticas ecol\u00f3gicas, reducir nuestra huella de carbono y promover procesos de fabricaci\u00f3n responsables.<\/p>    <p>Cuando se trata de maquinaria de prensado de aceite y soluciones de procesamiento agr\u00edcola, elija a Taizy Home como su socio de confianza. Con nuestra excelencia tecnol\u00f3gica, presencia global, servicios de personalizaci\u00f3n, aseguramiento de calidad, soporte al cliente y compromiso con la sostenibilidad, somos la opci\u00f3n ideal para sus necesidades de producci\u00f3n de aceite. \u00danase a nuestra lista en constante crecimiento de clientes satisfechos y experimente la fiabilidad y el rendimiento que nos diferencian de la competencia.<\/p>    <p>Cont\u00e1ctenos hoy para discutir sus requisitos y perm\u00edtanos ayudarle a encontrar la soluci\u00f3n perfecta para sus necesidades de producci\u00f3n de aceite comestible.<\/p>","protected":false},"excerpt":{"rendered":"<p>Welcome to Taizy Home, a professional manufacturer of oil pressing machinery and agricultural processing equipment based in China. Since our establishment, we have been dedicated to delivering top-quality oil-pressing equipment and exceptional service to our valued customers worldwide. With our expertise, innovation, and commitment to customer satisfaction, we have gained recognition as a trusted supplier&#8230;<\/p>","protected":false},"author":1,"featured_media":0,"parent":0,"menu_order":0,"comment_status":"closed","ping_status":"closed","template":"","meta":{"_kad_blocks_custom_css":"","_kad_blocks_head_custom_js":"","_kad_blocks_body_custom_js":"","_kad_blocks_footer_custom_js":"","_kad_post_transparent":"","_kad_post_title":"","_kad_post_layout":"","_kad_post_sidebar_id":"","_kad_post_content_style":"","_kad_post_vertical_padding":"","_kad_post_feature":"","_kad_post_feature_position":"","_kad_post_header":false,"_kad_post_footer":false,"_kad_post_classname":"","footnotes":""},"class_list":["post-1897","page","type-page","status-publish","hentry"],"taxonomy_info":[],"featured_image_src_large":false,"author_info":{"display_name":"admin","author_link":"https:\/\/www.oilpressing.org\/es\/author\/admin"},"comment_info":0,"_links":{"self":[{"href":"https:\/\/www.oilpressing.org\/es\/wp-json\/wp\/v2\/pages\/1897","targetHints":{"allow":["GET"]}}],"collection":[{"href":"https:\/\/www.oilpressing.org\/es\/wp-json\/wp\/v2\/pages"}],"about":[{"href":"https:\/\/www.oilpressing.org\/es\/wp-json\/wp\/v2\/types\/page"}],"author":[{"embeddable":true,"href":"https:\/\/www.oilpressing.org\/es\/wp-json\/wp\/v2\/users\/1"}],"replies":[{"embeddable":true,"href":"https:\/\/www.oilpressing.org\/es\/wp-json\/wp\/v2\/comments?post=1897"}],"version-history":[{"count":1,"href":"https:\/\/www.oilpressing.org\/es\/wp-json\/wp\/v2\/pages\/1897\/revisions"}],"predecessor-version":[{"id":7198,"href":"https:\/\/www.oilpressing.org\/es\/wp-json\/wp\/v2\/pages\/1897\/revisions\/7198"}],"wp:attachment":[{"href":"https:\/\/www.oilpressing.org\/es\/wp-json\/wp\/v2\/media?parent=1897"}],"curies":[{"name":"wp","href":"https:\/\/api.w.org\/{rel}","templated":true}]}}