{"id":10,"date":"2018-11-05T08:21:27","date_gmt":"2018-11-05T08:21:27","guid":{"rendered":"http:\/\/www.oilpressing.org\/?page_id=10"},"modified":"2025-06-04T17:29:25","modified_gmt":"2025-06-04T09:29:25","slug":"contactez-nous","status":"publish","type":"page","link":"https:\/\/www.oilpressing.org\/es\/contactez-nous","title":{"rendered":"Cont\u00e1ctenos"},"content":{"rendered":"<div class=\"wp-block-image\"> <figure class=\"alignleft\"><img loading=\"lazy\" decoding=\"async\" width=\"350\" height=\"280\" src=\"http:\/\/www.oilpressing.org\/wp-content\/uploads\/2018\/11\/Contact-Us.jpg\" alt=\"\" class=\"wp-image-32\" title=\"\" srcset=\"https:\/\/www.oilpressing.org\/wp-content\/uploads\/2018\/11\/Contact-Us.jpg 350w, https:\/\/www.oilpressing.org\/wp-content\/uploads\/2018\/11\/Contact-Us-300x240.jpg 300w\" sizes=\"auto, (max-width: 350px) 100vw, 350px\" \/><\/figure> <\/div>   <div class=\"contact-us\"> <p class=\"translation-block\"><strong>Zhengzhou Taizy Machinery Co., Ltd.<\/strong><\/p> <p class=\"translation-block\">Email: <strong>info@oilpressing.org<\/strong><\/p> <p>Direcci\u00f3n: Nautical Road East, Zona de Desarrollo Econ\u00f3mico de Zhengzhou, Henan, China<\/p> <p class=\"translation-block\">Tel\/Whatsapp\/WeChat: <strong>+86 191 3975 4781<\/strong><\/p> <\/div>","protected":false},"excerpt":{"rendered":"<p>Zhengzhou Taizy Machinery Co., Ltd. Correo electr\u00f3nico: info@oilpressing.org Direcci\u00f3n: Camino N\u00e1utico Este, Zona de Desarrollo Econ\u00f3mico de Zhengzhou, Henan, China Tel\u00e9fono\/Whatsapp\/WeChat: +86 191 3975 4781<\/p>","protected":false},"author":1,"featured_media":0,"parent":0,"menu_order":0,"comment_status":"open","ping_status":"closed","template":"","meta":{"_kad_blocks_custom_css":"","_kad_blocks_head_custom_js":"","_kad_blocks_body_custom_js":"","_kad_blocks_footer_custom_js":"","_kad_post_transparent":"","_kad_post_title":"","_kad_post_layout":"","_kad_post_sidebar_id":"","_kad_post_content_style":"","_kad_post_vertical_padding":"","_kad_post_feature":"","_kad_post_feature_position":"","_kad_post_header":false,"_kad_post_footer":false,"_kad_post_classname":"","footnotes":""},"class_list":["post-10","page","type-page","status-publish","hentry"],"taxonomy_info":[],"featured_image_src_large":false,"author_info":{"display_name":"admin","author_link":"https:\/\/www.oilpressing.org\/es\/author\/admin"},"comment_info":4,"_links":{"self":[{"href":"https:\/\/www.oilpressing.org\/es\/wp-json\/wp\/v2\/pages\/10","targetHints":{"allow":["GET"]}}],"collection":[{"href":"https:\/\/www.oilpressing.org\/es\/wp-json\/wp\/v2\/pages"}],"about":[{"href":"https:\/\/www.oilpressing.org\/es\/wp-json\/wp\/v2\/types\/page"}],"author":[{"embeddable":true,"href":"https:\/\/www.oilpressing.org\/es\/wp-json\/wp\/v2\/users\/1"}],"replies":[{"embeddable":true,"href":"https:\/\/www.oilpressing.org\/es\/wp-json\/wp\/v2\/comments?post=10"}],"version-history":[{"count":0,"href":"https:\/\/www.oilpressing.org\/es\/wp-json\/wp\/v2\/pages\/10\/revisions"}],"wp:attachment":[{"href":"https:\/\/www.oilpressing.org\/es\/wp-json\/wp\/v2\/media?parent=10"}],"curies":[{"name":"wp","href":"https:\/\/api.w.org\/{rel}","templated":true}]}}