{"id":1897,"date":"2021-12-08T10:34:25","date_gmt":"2021-12-08T10:34:25","guid":{"rendered":"https:\/\/www.oilpressing.org\/?page_id=1897"},"modified":"2026-04-16T15:26:51","modified_gmt":"2026-04-16T07:26:51","slug":"about-us","status":"publish","type":"page","link":"https:\/\/www.oilpressing.org\/de\/about-us","title":{"rendered":"\u00dcber uns"},"content":{"rendered":"<p>Willkommen bei Taizy Home, einem professionellen Hersteller von \u00d6lpressemaschinen und landwirtschaftlichen Verarbeitungsausr\u00fcstungen mit Sitz in China. Seit unserer Gr\u00fcndung widmen wir uns der Lieferung hochwertiger \u00d6lpresseanlagen und exzellentem Service f\u00fcr unsere gesch\u00e4tzten Kunden weltweit. Mit unserer Expertise, Innovation und unserem Engagement f\u00fcr Kundenzufriedenheit haben wir uns als vertrauensw\u00fcrdiger Anbieter in der landwirtschaftlichen Maschinenbranche etabliert.<\/p>    <figure class=\"wp-block-image size-full is-resized\"><img loading=\"lazy\" decoding=\"async\" width=\"400\" height=\"167\" src=\"https:\/\/www.oilpressing.org\/wp-content\/uploads\/2021\/12\/admin-ajax.jpg\" alt=\"\" class=\"wp-image-1900\" style=\"width:397px;height:166px\" title=\"\" srcset=\"https:\/\/www.oilpressing.org\/wp-content\/uploads\/2021\/12\/admin-ajax.jpg 400w, https:\/\/www.oilpressing.org\/wp-content\/uploads\/2021\/12\/admin-ajax-300x125.jpg 300w\" sizes=\"auto, (max-width: 400px) 100vw, 400px\" \/><\/figure>    <h2 class=\"wp-block-heading\"><strong>Unsere Hauptprodukte und unser Markt<\/strong><\/h2>    <p>Unsere Hauptprodukte umfassen Saatgut-R\u00f6ster, \u00d6lpresse, \u00d6lfilter, Raffinerieanlagen, \u00d6lfertigungsanlagen usw. In den letzten Jahren erfreuten sich unsere Produkte gro\u00dfer Beliebtheit auf den M\u00e4rkten Afrikas und S\u00fcdostasiens, wie Nigeria, Kenia, S\u00fcdafrika, Ghana, Kongo, \u00c4thiopien, Namibia, Marokko, Botswana, Simbabwe, Uganda, Algerien, Kamerun.<\/p>    <figure class=\"wp-block-gallery has-nested-images columns-default is-cropped wp-block-gallery-2 is-layout-flex wp-block-gallery-is-layout-flex\"> <figure class=\"wp-block-image size-large\"><img loading=\"lazy\" decoding=\"async\" width=\"720\" height=\"540\" data-id=\"2770\" src=\"https:\/\/www.oilpressing.org\/wp-content\/uploads\/2022\/06\/pepper-oil-making-machine.jpg\" alt=\"\u00d6lherstellungsmaschine\" class=\"wp-image-2770\" title=\"\"><figcaption class=\"wp-element-caption\">\u00d6lherstellungsmaschine<\/figcaption><\/figure>    <figure class=\"wp-block-image size-large\"><img loading=\"lazy\" decoding=\"async\" width=\"720\" height=\"540\" data-id=\"2750\" src=\"https:\/\/www.oilpressing.org\/wp-content\/uploads\/2022\/06\/screw-castor-oil-press-machine.jpg\" alt=\"Schrauben-Rizinus\u00f6l-Pressmaschine\" class=\"wp-image-2750\" title=\"\"><figcaption class=\"wp-element-caption\">Schrauben-Rizinus\u00f6l-Pressmaschine<\/figcaption><\/figure>    <figure class=\"wp-block-image size-large\"><img loading=\"lazy\" decoding=\"async\" width=\"720\" height=\"540\" data-id=\"2749\" src=\"https:\/\/www.oilpressing.org\/wp-content\/uploads\/2022\/06\/hydraulic-castor-oil-machines.jpg\" alt=\"hydraulische Oliven\u00f6lmaschinen\" class=\"wp-image-2749\" title=\"\"><figcaption class=\"wp-element-caption\">Hydraulische Chili\u00f6lmaschinen<\/figcaption><\/figure> <\/figure>    <h2 class=\"wp-block-heading\"><strong>Technologische Exzellenz<\/strong><\/h2>    <p>Bei Taizy Home sind wir stolz auf unsere technologische Exzellenz. Unser Team aus erfahrenen Ingenieuren und Technikern bleibt stets an der Spitze der Branchenentwicklungen, um sicherzustellen, dass unsere \u00d6lpressemaschinen mit modernster Technologie gebaut werden. Wir investieren kontinuierlich in Forschung und Entwicklung, um hochmoderne L\u00f6sungen anzubieten, die den sich wandelnden Bed\u00fcrfnissen des \u00d6lproduktionsmarktes gerecht werden. Durch Innovation liefern wir konstant leistungsstarke Maschinen, die die \u00d6lausbeute, Effizienz und Produktivit\u00e4t maximieren.<\/p>    <figure class=\"wp-block-gallery has-nested-images columns-default is-cropped wp-block-gallery-3 is-layout-flex wp-block-gallery-is-layout-flex\"> <figure class=\"wp-block-image size-large\"><img loading=\"lazy\" decoding=\"async\" width=\"720\" height=\"540\" data-id=\"7086\" src=\"https:\/\/www.oilpressing.org\/wp-content\/uploads\/2026\/01\/Filter-screen.webp\" alt=\"Filterbildschirm\" class=\"wp-image-7086\" title=\"\" srcset=\"https:\/\/www.oilpressing.org\/wp-content\/uploads\/2026\/01\/Filter-screen.webp 720w, https:\/\/www.oilpressing.org\/wp-content\/uploads\/2026\/01\/Filter-screen-300x225.webp 300w, https:\/\/www.oilpressing.org\/wp-content\/uploads\/2026\/01\/Filter-screen-16x12.webp 16w\" sizes=\"auto, (max-width: 720px) 100vw, 720px\" \/><figcaption class=\"wp-element-caption\">Filterbildschirm<\/figcaption><\/figure>    <figure class=\"wp-block-image size-large\"><img loading=\"lazy\" decoding=\"async\" width=\"720\" height=\"540\" data-id=\"6817\" src=\"https:\/\/www.oilpressing.org\/wp-content\/uploads\/2025\/07\/Strips-of-inconsistent-width.webp\" alt=\"Streifen unterschiedlicher Breite\" class=\"wp-image-6817\" title=\"\" srcset=\"https:\/\/www.oilpressing.org\/wp-content\/uploads\/2025\/07\/Strips-of-inconsistent-width.webp 720w, https:\/\/www.oilpressing.org\/wp-content\/uploads\/2025\/07\/Strips-of-inconsistent-width-300x225.webp 300w, https:\/\/www.oilpressing.org\/wp-content\/uploads\/2025\/07\/Strips-of-inconsistent-width-16x12.webp 16w\" sizes=\"auto, (max-width: 720px) 100vw, 720px\" \/><figcaption class=\"wp-element-caption\">Streifen unterschiedlicher Breite<\/figcaption><\/figure>    <figure class=\"wp-block-image size-large\"><img loading=\"lazy\" decoding=\"async\" width=\"720\" height=\"540\" data-id=\"6776\" src=\"https:\/\/www.oilpressing.org\/wp-content\/uploads\/2018\/11\/control-cabinets.webp\" alt=\"Steuerschr\u00e4nke\" class=\"wp-image-6776\" title=\"\" srcset=\"https:\/\/www.oilpressing.org\/wp-content\/uploads\/2018\/11\/control-cabinets.webp 720w, https:\/\/www.oilpressing.org\/wp-content\/uploads\/2018\/11\/control-cabinets-300x225.webp 300w, https:\/\/www.oilpressing.org\/wp-content\/uploads\/2018\/11\/control-cabinets-16x12.webp 16w\" sizes=\"auto, (max-width: 720px) 100vw, 720px\" \/><figcaption class=\"wp-element-caption\">Steuerungsschr\u00e4nke<\/figcaption><\/figure> <\/figure>    <h2 class=\"wp-block-heading\"><strong>Globale Pr\u00e4senz<\/strong><\/h2>    <p>Im Laufe der Jahre haben unsere \u00d6lpressemaschinen und verwandte Verarbeitungsausr\u00fcstungen weltweit an Popularit\u00e4t gewonnen. Wir haben unsere Produkte erfolgreich in mehr als 20 L\u00e4ndern und Regionen exportiert und das Vertrauen sowie die Loyalit\u00e4t unserer Kunden gewonnen. Unser Engagement f\u00fcr h\u00f6chste Qualit\u00e4t und Zuverl\u00e4ssigkeit hat es uns erm\u00f6glicht, langfristige Partnerschaften mit Kunden aufzubauen, die auf unsere \u00d6lproduktionsmaschinen vertrauen. Unabh\u00e4ngig von Ihrem Standort setzen wir uns daf\u00fcr ein, Sie mit Exzellenz und Professionalit\u00e4t zu bedienen.<\/p>    <figure class=\"wp-block-gallery has-nested-images columns-default is-cropped wp-block-gallery-4 is-layout-flex wp-block-gallery-is-layout-flex\"> <figure class=\"wp-block-image size-large\"><img loading=\"lazy\" decoding=\"async\" width=\"720\" height=\"540\" data-id=\"6997\" src=\"https:\/\/www.oilpressing.org\/wp-content\/uploads\/2025\/09\/Hydraulic-Oil-Press-Packing.webp\" alt=\"Verpackung der Hydraulik-\u00d6lpresse\" class=\"wp-image-6997\" title=\"\" srcset=\"https:\/\/www.oilpressing.org\/wp-content\/uploads\/2025\/09\/Hydraulic-Oil-Press-Packing.webp 720w, https:\/\/www.oilpressing.org\/wp-content\/uploads\/2025\/09\/Hydraulic-Oil-Press-Packing-300x225.webp 300w, https:\/\/www.oilpressing.org\/wp-content\/uploads\/2025\/09\/Hydraulic-Oil-Press-Packing-16x12.webp 16w\" sizes=\"auto, (max-width: 720px) 100vw, 720px\" \/><figcaption class=\"wp-element-caption\">Verpackung der Hydraulik-\u00d6lpresse<\/figcaption><\/figure>    <figure class=\"wp-block-image size-large\"><img loading=\"lazy\" decoding=\"async\" width=\"720\" height=\"540\" data-id=\"6973\" src=\"https:\/\/www.oilpressing.org\/wp-content\/uploads\/2025\/09\/Successful-departure.webp\" alt=\"Erfolgreiche Abfahrt\" class=\"wp-image-6973\" title=\"\" srcset=\"https:\/\/www.oilpressing.org\/wp-content\/uploads\/2025\/09\/Successful-departure.webp 720w, https:\/\/www.oilpressing.org\/wp-content\/uploads\/2025\/09\/Successful-departure-300x225.webp 300w, https:\/\/www.oilpressing.org\/wp-content\/uploads\/2025\/09\/Successful-departure-16x12.webp 16w\" sizes=\"auto, (max-width: 720px) 100vw, 720px\" \/><figcaption class=\"wp-element-caption\">Erfolgreiche Abreise<\/figcaption><\/figure>    <figure class=\"wp-block-image size-large\"><img loading=\"lazy\" decoding=\"async\" width=\"720\" height=\"540\" data-id=\"6995\" src=\"https:\/\/www.oilpressing.org\/wp-content\/uploads\/2025\/09\/Hydraulic-Oil-Press-Loading-into-Container.webp\" alt=\"Hydraulik-\u00d6lpresse in den Container verladen\" class=\"wp-image-6995\" title=\"\" srcset=\"https:\/\/www.oilpressing.org\/wp-content\/uploads\/2025\/09\/Hydraulic-Oil-Press-Loading-into-Container.webp 720w, https:\/\/www.oilpressing.org\/wp-content\/uploads\/2025\/09\/Hydraulic-Oil-Press-Loading-into-Container-300x225.webp 300w, https:\/\/www.oilpressing.org\/wp-content\/uploads\/2025\/09\/Hydraulic-Oil-Press-Loading-into-Container-16x12.webp 16w\" sizes=\"auto, (max-width: 720px) 100vw, 720px\" \/><figcaption class=\"wp-element-caption\">Hydraulische \u00d6lpresse Wird in Beh\u00e4lter geladen<\/figcaption><\/figure> <\/figure>    <h2 class=\"wp-block-heading\"><strong>Anpassungsdienstleistungen<\/strong><\/h2>    <p>Wir verstehen, dass jeder Kunde einzigartige Anforderungen hat. Deshalb bieten wir umfassende Anpassungsdienste an, um unsere \u00d6lpressemaschinen auf Ihre spezifischen Bed\u00fcrfnisse zuzuschneiden. Unser erfahrenes Team arbeitet eng mit Ihnen zusammen, um Ihre Produktionskapazit\u00e4t, Rohstoffarten, Platzbeschr\u00e4nkungen und Budgetvorgaben zu verstehen. Mit diesen Informationen entwerfen und fertigen wir Maschinen, die genau Ihren Spezifikationen entsprechen. Ob Sie Modifikationen an einem bestehenden Modell ben\u00f6tigen oder eine v\u00f6llig neue integrierte \u00d6lproduktionsl\u00f6sung, wir sind hier, um Ihre Vision in die Realit\u00e4t umzusetzen.<\/p>    <figure class=\"wp-block-gallery has-nested-images columns-default is-cropped wp-block-gallery-5 is-layout-flex wp-block-gallery-is-layout-flex\"> <figure class=\"wp-block-image size-large\"><img loading=\"lazy\" decoding=\"async\" width=\"720\" height=\"540\" data-id=\"7115\" src=\"https:\/\/www.oilpressing.org\/wp-content\/uploads\/2026\/03\/oil-filling-equipment.webp\" alt=\"oil filling equipment\" class=\"wp-image-7115\" title=\"\" srcset=\"https:\/\/www.oilpressing.org\/wp-content\/uploads\/2026\/03\/oil-filling-equipment.webp 720w, https:\/\/www.oilpressing.org\/wp-content\/uploads\/2026\/03\/oil-filling-equipment-300x225.webp 300w, https:\/\/www.oilpressing.org\/wp-content\/uploads\/2026\/03\/oil-filling-equipment-16x12.webp 16w\" sizes=\"auto, (max-width: 720px) 100vw, 720px\" \/><figcaption class=\"wp-element-caption\">\u00d6lauff\u00fcllger\u00e4te<\/figcaption><\/figure>    <figure class=\"wp-block-image size-large\"><img loading=\"lazy\" decoding=\"async\" width=\"720\" height=\"540\" data-id=\"6898\" src=\"https:\/\/www.oilpressing.org\/wp-content\/uploads\/2025\/07\/Peanut-Roasters-Inventory-1.webp\" alt=\"Bestand Sonnenblumenkerne-R\u00f6ster\" class=\"wp-image-6898\" title=\"\" srcset=\"https:\/\/www.oilpressing.org\/wp-content\/uploads\/2025\/07\/Peanut-Roasters-Inventory-1.webp 720w, https:\/\/www.oilpressing.org\/wp-content\/uploads\/2025\/07\/Peanut-Roasters-Inventory-1-300x225.webp 300w, https:\/\/www.oilpressing.org\/wp-content\/uploads\/2025\/07\/Peanut-Roasters-Inventory-1-16x12.webp 16w\" sizes=\"auto, (max-width: 720px) 100vw, 720px\" \/><figcaption class=\"wp-element-caption\">Bestand Sonnenblumenkerne-R\u00f6ster<\/figcaption><\/figure>    <figure class=\"wp-block-image size-large\"><img loading=\"lazy\" decoding=\"async\" width=\"720\" height=\"540\" data-id=\"6893\" src=\"https:\/\/www.oilpressing.org\/wp-content\/uploads\/2025\/07\/Three-cylinder-sesame-seed-roaster.webp\" alt=\"Dreizylinder-Sonnenblumenkerne-R\u00f6ster\" class=\"wp-image-6893\" title=\"\" srcset=\"https:\/\/www.oilpressing.org\/wp-content\/uploads\/2025\/07\/Three-cylinder-sesame-seed-roaster.webp 720w, https:\/\/www.oilpressing.org\/wp-content\/uploads\/2025\/07\/Three-cylinder-sesame-seed-roaster-300x225.webp 300w, https:\/\/www.oilpressing.org\/wp-content\/uploads\/2025\/07\/Three-cylinder-sesame-seed-roaster-16x12.webp 16w\" sizes=\"auto, (max-width: 720px) 100vw, 720px\" \/><figcaption class=\"wp-element-caption\">Dreizylinder-Sonnenblumenkerne-R\u00f6ster<\/figcaption><\/figure> <\/figure>    <h2 class=\"wp-block-heading\"><strong>Qualit\u00e4tssicherung<\/strong><\/h2>    <p>Qualit\u00e4t ist unsere oberste Priorit\u00e4t bei Taizy Home. Wir halten strenge Qualit\u00e4tskontrollma\u00dfnahmen w\u00e4hrend des gesamten Herstellungsprozesses ein, um sicherzustellen, dass jede Maschine, die unser Werk verl\u00e4sst, den h\u00f6chsten Standards entspricht. Wir beziehen Materialien h\u00f6chster G\u00fcte von zuverl\u00e4ssigen Lieferanten und verwenden fortschrittliche Fertigungstechniken, um robuste und langlebige Ger\u00e4te zu erstellen. Unser Qualit\u00e4tsanspruch umfasst auch strenge Test- und Inspektionsverfahren, die die Leistung, Sicherheit und Langlebigkeit unserer \u00d6lpressemaschinen garantieren.<\/p>    <figure class=\"wp-block-gallery has-nested-images columns-default is-cropped wp-block-gallery-6 is-layout-flex wp-block-gallery-is-layout-flex\"> <figure class=\"wp-block-image size-large\"><img loading=\"lazy\" decoding=\"async\" width=\"540\" height=\"720\" data-id=\"6816\" src=\"https:\/\/www.oilpressing.org\/wp-content\/uploads\/2025\/07\/Stainless-steel-oil-catch-tank.webp\" alt=\"\u00d6lauffangbeh\u00e4lter aus Edelstahl\" class=\"wp-image-6816\" title=\"\" srcset=\"https:\/\/www.oilpressing.org\/wp-content\/uploads\/2025\/07\/Stainless-steel-oil-catch-tank.webp 540w, https:\/\/www.oilpressing.org\/wp-content\/uploads\/2025\/07\/Stainless-steel-oil-catch-tank-225x300.webp 225w, https:\/\/www.oilpressing.org\/wp-content\/uploads\/2025\/07\/Stainless-steel-oil-catch-tank-9x12.webp 9w\" sizes=\"auto, (max-width: 540px) 100vw, 540px\" \/><figcaption class=\"wp-element-caption\">Edelstahl-\u00d6lauffangbeh\u00e4lter<\/figcaption><\/figure>    <figure class=\"wp-block-image size-large\"><img loading=\"lazy\" decoding=\"async\" width=\"540\" height=\"720\" data-id=\"6785\" src=\"https:\/\/www.oilpressing.org\/wp-content\/uploads\/2018\/11\/hopper.webp\" alt=\"Trichter\" class=\"wp-image-6785\" title=\"\" srcset=\"https:\/\/www.oilpressing.org\/wp-content\/uploads\/2018\/11\/hopper.webp 540w, https:\/\/www.oilpressing.org\/wp-content\/uploads\/2018\/11\/hopper-225x300.webp 225w, https:\/\/www.oilpressing.org\/wp-content\/uploads\/2018\/11\/hopper-9x12.webp 9w\" sizes=\"auto, (max-width: 540px) 100vw, 540px\" \/><figcaption class=\"wp-element-caption\">Trichter<\/figcaption><\/figure>    <figure class=\"wp-block-image size-large\"><img loading=\"lazy\" decoding=\"async\" width=\"540\" height=\"720\" data-id=\"6777\" src=\"https:\/\/www.oilpressing.org\/wp-content\/uploads\/2018\/11\/adjusting-handle.webp\" alt=\"verstellbarer Griff\" class=\"wp-image-6777\" title=\"\" srcset=\"https:\/\/www.oilpressing.org\/wp-content\/uploads\/2018\/11\/adjusting-handle.webp 540w, https:\/\/www.oilpressing.org\/wp-content\/uploads\/2018\/11\/adjusting-handle-225x300.webp 225w, https:\/\/www.oilpressing.org\/wp-content\/uploads\/2018\/11\/adjusting-handle-9x12.webp 9w\" sizes=\"auto, (max-width: 540px) 100vw, 540px\" \/><figcaption class=\"wp-element-caption\">Verstellgriff<\/figcaption><\/figure> <\/figure>    <h2 class=\"wp-block-heading\"><strong>Kundendienst<\/strong><\/h2>    <p>Bei Taizy Home glauben wir an au\u00dfergew\u00f6hnlichen Kundensupport. Unser engagiertes Team steht Ihnen jederzeit zur Verf\u00fcgung, um Ihre Anfragen zu beantworten, technische Unterst\u00fctzung zu bieten und zeitnahe L\u00f6sungen f\u00fcr Ihre Anliegen zu finden. Wir sch\u00e4tzen die Zufriedenheit unserer Kunden und streben danach, ihre Erwartungen bei jedem Schritt zu \u00fcbertreffen. Von der ersten Beratung bis zum After-Sales-Support sind wir bestrebt, dauerhafte Beziehungen auf Vertrauen, Transparenz und Zuverl\u00e4ssigkeit aufzubauen.<\/p>    <figure class=\"wp-block-gallery has-nested-images columns-default is-cropped wp-block-gallery-7 is-layout-flex wp-block-gallery-is-layout-flex\"> <figure class=\"wp-block-image size-large\"><img loading=\"lazy\" decoding=\"async\" width=\"540\" height=\"720\" data-id=\"7170\" src=\"https:\/\/www.oilpressing.org\/wp-content\/uploads\/2026\/04\/Pakistan-Oil-Press-Machine.webp\" alt=\"Visit by Pakistani Clients\" class=\"wp-image-7170\" title=\"\" srcset=\"https:\/\/www.oilpressing.org\/wp-content\/uploads\/2026\/04\/Pakistan-Oil-Press-Machine.webp 540w, https:\/\/www.oilpressing.org\/wp-content\/uploads\/2026\/04\/Pakistan-Oil-Press-Machine-225x300.webp 225w, https:\/\/www.oilpressing.org\/wp-content\/uploads\/2026\/04\/Pakistan-Oil-Press-Machine-9x12.webp 9w\" sizes=\"auto, (max-width: 540px) 100vw, 540px\" \/><figcaption class=\"wp-element-caption\">Besuch durch pakistanische Kunden<\/figcaption><\/figure>    <figure class=\"wp-block-image size-large\"><img loading=\"lazy\" decoding=\"async\" width=\"540\" height=\"720\" data-id=\"7163\" src=\"https:\/\/www.oilpressing.org\/wp-content\/uploads\/2026\/04\/Japan-Packaging-Machine.webp\" alt=\"Visit by Japanese Clients\" class=\"wp-image-7163\" title=\"\" srcset=\"https:\/\/www.oilpressing.org\/wp-content\/uploads\/2026\/04\/Japan-Packaging-Machine.webp 540w, https:\/\/www.oilpressing.org\/wp-content\/uploads\/2026\/04\/Japan-Packaging-Machine-225x300.webp 225w, https:\/\/www.oilpressing.org\/wp-content\/uploads\/2026\/04\/Japan-Packaging-Machine-9x12.webp 9w\" sizes=\"auto, (max-width: 540px) 100vw, 540px\" \/><figcaption class=\"wp-element-caption\">Besuch durch japanische Kunden<\/figcaption><\/figure>    <figure class=\"wp-block-image size-large\"><img loading=\"lazy\" decoding=\"async\" width=\"540\" height=\"720\" data-id=\"7184\" src=\"https:\/\/www.oilpressing.org\/wp-content\/uploads\/2026\/04\/Tanzania-Filling-Production-Line.webp\" alt=\"Tansania besuchte Abf\u00fcllproduktionslinie\" class=\"wp-image-7184\" title=\"\" srcset=\"https:\/\/www.oilpressing.org\/wp-content\/uploads\/2026\/04\/Tanzania-Filling-Production-Line.webp 540w, https:\/\/www.oilpressing.org\/wp-content\/uploads\/2026\/04\/Tanzania-Filling-Production-Line-225x300.webp 225w, https:\/\/www.oilpressing.org\/wp-content\/uploads\/2026\/04\/Tanzania-Filling-Production-Line-9x12.webp 9w\" sizes=\"auto, (max-width: 540px) 100vw, 540px\" \/><figcaption class=\"wp-element-caption\">Tansania besuchte Abf\u00fcllproduktionslinie<\/figcaption><\/figure> <\/figure>    <h2 class=\"wp-block-heading\"><strong>Warum Taizy w\u00e4hlen?<\/strong><\/h2>    <p>Als umweltbewusstes Unternehmen legen wir gro\u00dfen Wert auf Nachhaltigkeit in unseren Abl\u00e4ufen. Unsere \u00d6lpressemaschinen sind so konzipiert, dass sie die Energieeffizienz maximieren, R\u00fcckstandsabf\u00e4lle reduzieren und die Ressourcennutzung optimieren, was zu einer gr\u00fcneren und nachhaltigeren Zukunft f\u00fcr die landwirtschaftliche Verarbeitung beitr\u00e4gt. Wir verpflichten uns, umweltfreundliche Praktiken zu \u00fcbernehmen, unseren CO2-Fu\u00dfabdruck zu verringern und verantwortungsvolle Herstellungsprozesse zu f\u00f6rdern.<\/p>    <p>Wenn es um \u00d6lpressemaschinen und landwirtschaftliche Verarbeitungsl\u00f6sungen geht, w\u00e4hlen Sie Taizy Home als Ihren vertrauensw\u00fcrdigen Partner. Mit unserer technologischen Exzellenz, globaler Pr\u00e4senz, Anpassungsdiensten, Qualit\u00e4tssicherung, Kundensupport und unserem Engagement f\u00fcr Nachhaltigkeit sind wir die ideale Wahl f\u00fcr Ihre \u00d6lproduktionsbed\u00fcrfnisse. Werden Sie Teil unserer st\u00e4ndig wachsenden Liste zufriedener Kunden und erleben Sie die Zuverl\u00e4ssigkeit und Leistung, die uns von der Konkurrenz abheben.<\/p>    <p>Kontaktieren Sie uns noch heute, um Ihre Anforderungen zu besprechen, und lassen Sie uns Ihnen helfen, die perfekte L\u00f6sung f\u00fcr Ihre Speise\u00f6lproduktion zu finden.<\/p>","protected":false},"excerpt":{"rendered":"<p>Welcome to Taizy Home, a professional manufacturer of oil pressing machinery and agricultural processing equipment based in China. Since our establishment, we have been dedicated to delivering top-quality oil-pressing equipment and exceptional service to our valued customers worldwide. With our expertise, innovation, and commitment to customer satisfaction, we have gained recognition as a trusted supplier&#8230;<\/p>","protected":false},"author":1,"featured_media":0,"parent":0,"menu_order":0,"comment_status":"closed","ping_status":"closed","template":"","meta":{"_kad_blocks_custom_css":"","_kad_blocks_head_custom_js":"","_kad_blocks_body_custom_js":"","_kad_blocks_footer_custom_js":"","_kad_post_transparent":"","_kad_post_title":"","_kad_post_layout":"","_kad_post_sidebar_id":"","_kad_post_content_style":"","_kad_post_vertical_padding":"","_kad_post_feature":"","_kad_post_feature_position":"","_kad_post_header":false,"_kad_post_footer":false,"_kad_post_classname":"","footnotes":""},"class_list":["post-1897","page","type-page","status-publish","hentry"],"taxonomy_info":[],"featured_image_src_large":false,"author_info":{"display_name":"admin","author_link":"https:\/\/www.oilpressing.org\/de\/author\/admin"},"comment_info":0,"_links":{"self":[{"href":"https:\/\/www.oilpressing.org\/de\/wp-json\/wp\/v2\/pages\/1897","targetHints":{"allow":["GET"]}}],"collection":[{"href":"https:\/\/www.oilpressing.org\/de\/wp-json\/wp\/v2\/pages"}],"about":[{"href":"https:\/\/www.oilpressing.org\/de\/wp-json\/wp\/v2\/types\/page"}],"author":[{"embeddable":true,"href":"https:\/\/www.oilpressing.org\/de\/wp-json\/wp\/v2\/users\/1"}],"replies":[{"embeddable":true,"href":"https:\/\/www.oilpressing.org\/de\/wp-json\/wp\/v2\/comments?post=1897"}],"version-history":[{"count":1,"href":"https:\/\/www.oilpressing.org\/de\/wp-json\/wp\/v2\/pages\/1897\/revisions"}],"predecessor-version":[{"id":7198,"href":"https:\/\/www.oilpressing.org\/de\/wp-json\/wp\/v2\/pages\/1897\/revisions\/7198"}],"wp:attachment":[{"href":"https:\/\/www.oilpressing.org\/de\/wp-json\/wp\/v2\/media?parent=1897"}],"curies":[{"name":"wp","href":"https:\/\/api.w.org\/{rel}","templated":true}]}}